{"id":333026,"date":"2025-07-02T09:43:45","date_gmt":"2025-07-02T12:43:45","guid":{"rendered":"https:\/\/www.livrariarema.com.br\/loja\/produtos\/sem categoria\/biblia-do-pregador-fiel-capa-pu-nobre-luxo-marrom\/"},"modified":"2025-10-01T15:21:49","modified_gmt":"2025-10-01T18:21:49","slug":"biblia-do-pregador-fiel-capa-pu-nobre-luxo-marrom","status":"publish","type":"product","link":"https:\/\/www.livrariarema.com.br\/loja\/produtos\/biblias\/estudo\/biblia-do-pregador-fiel-capa-pu-nobre-luxo-marrom\/","title":{"rendered":"B\u00edblia Do Pregador Fiel &#8211; Capa Pu Nobre Luxo &#8211; Marrom"},"content":{"rendered":"<p>Com esbo\u00e7os e coment\u00e1rios valiosos, a B\u00edblia do Pregador Fiel \u00e9 o material perfeito para a homens que deseja trazer fidelidade e qualidade \u00e0s suas prega\u00e7\u00f5es e ensinos. Cada trecho desta b\u00edblia est\u00e1 recheado de boa teologia que ir\u00e1 lhe ajudar a desenvolver serm\u00f5es excepcionais.<\/p>\n<p>Al\u00e9m disso, a B\u00edblia conta com tecnologia full color, proporcionando uma leitura mais agrad\u00e1vel e visualmente rica e tamb\u00e9m incluindo mapas.<\/p>\n<p> Mapas Coloridos<br \/>\n Esbo\u00e7os e coment\u00e1rios<br \/>\n Palavra de Deus em Azul e Palavra de Jesus em vermelho<\/p>\n","protected":false},"excerpt":{"rendered":"<p>Com esbo\u00e7os e coment\u00e1rios valiosos, a B\u00edblia do Pregador Fiel \u00e9 o material perfeito para a homens que deseja trazer&hellip;<\/p>\n","protected":false},"featured_media":333615,"comment_status":"open","ping_status":"closed","template":"","meta":[],"product_cat":[139,140],"product_tag":[],"_links":{"self":[{"href":"https:\/\/www.livrariarema.com.br\/loja\/wp-json\/wp\/v2\/product\/333026"}],"collection":[{"href":"https:\/\/www.livrariarema.com.br\/loja\/wp-json\/wp\/v2\/product"}],"about":[{"href":"https:\/\/www.livrariarema.com.br\/loja\/wp-json\/wp\/v2\/types\/product"}],"replies":[{"embeddable":true,"href":"https:\/\/www.livrariarema.com.br\/loja\/wp-json\/wp\/v2\/comments?post=333026"}],"wp:featuredmedia":[{"embeddable":true,"href":"https:\/\/www.livrariarema.com.br\/loja\/wp-json\/wp\/v2\/media\/333615"}],"wp:attachment":[{"href":"https:\/\/www.livrariarema.com.br\/loja\/wp-json\/wp\/v2\/media?parent=333026"}],"wp:term":[{"taxonomy":"product_cat","embeddable":true,"href":"https:\/\/www.livrariarema.com.br\/loja\/wp-json\/wp\/v2\/product_cat?post=333026"},{"taxonomy":"product_tag","embeddable":true,"href":"https:\/\/www.livrariarema.com.br\/loja\/wp-json\/wp\/v2\/product_tag?post=333026"}],"curies":[{"name":"wp","href":"https:\/\/api.w.org\/{rel}","templated":true}]}}