{"id":333047,"date":"2025-07-02T09:45:28","date_gmt":"2025-07-02T12:45:28","guid":{"rendered":"https:\/\/www.livrariarema.com.br\/loja\/produtos\/sem categoria\/biblia-de-estudo-king-james-atualizada-capa-pu-preta\/"},"modified":"2026-01-07T15:30:38","modified_gmt":"2026-01-07T18:30:38","slug":"biblia-de-estudo-king-james-atualizada-capa-pu-preta","status":"publish","type":"product","link":"https:\/\/www.livrariarema.com.br\/loja\/produtos\/biblias\/estudo\/biblia-de-estudo-king-james-atualizada-capa-pu-preta\/","title":{"rendered":"B\u00edblia De Estudo King James Atualizada &#8211; Capa Pu &#8211; Preta"},"content":{"rendered":"<p>A B\u00edblia completa 400 anos, no formato grande, na tradu\u00e7\u00e3o dos melhores e mais antigos manuscritos do Hebraico, Grego e Aramaico, com a cl\u00e1ssica e primorosa linguagem atual da King James. Combina a linguagem cl\u00e1ssica da King James com fidelidade aos textos originais e traz coment\u00e1rios, notas, esbo\u00e7os, mapas coloridos e diagramas. Conta com tecnologia full color, com promessas em destaque, palavras de Deus em azul e de Jesus em vermelho. \u00c9 uma obra fiel \u00e0s l\u00ednguas originais, oferecendo profundidade cultural e precis\u00e3o para o leitor contempor\u00e2neo.<\/p>\n<p>&#8211; Mapas Coloridos<br \/>\n&#8211; Promessas em destaque<br \/>\n&#8211; Palavra de Deus em Azul e Palavra de Jesus em vermelho<\/p>\n","protected":false},"excerpt":{"rendered":"<p>A B\u00edblia completa 400 anos, no formato grande, na tradu\u00e7\u00e3o dos melhores e mais antigos manuscritos do Hebraico, Grego e&hellip;<\/p>\n","protected":false},"featured_media":333626,"comment_status":"open","ping_status":"closed","template":"","meta":[],"product_cat":[139,140],"product_tag":[],"_links":{"self":[{"href":"https:\/\/www.livrariarema.com.br\/loja\/wp-json\/wp\/v2\/product\/333047"}],"collection":[{"href":"https:\/\/www.livrariarema.com.br\/loja\/wp-json\/wp\/v2\/product"}],"about":[{"href":"https:\/\/www.livrariarema.com.br\/loja\/wp-json\/wp\/v2\/types\/product"}],"replies":[{"embeddable":true,"href":"https:\/\/www.livrariarema.com.br\/loja\/wp-json\/wp\/v2\/comments?post=333047"}],"wp:featuredmedia":[{"embeddable":true,"href":"https:\/\/www.livrariarema.com.br\/loja\/wp-json\/wp\/v2\/media\/333626"}],"wp:attachment":[{"href":"https:\/\/www.livrariarema.com.br\/loja\/wp-json\/wp\/v2\/media?parent=333047"}],"wp:term":[{"taxonomy":"product_cat","embeddable":true,"href":"https:\/\/www.livrariarema.com.br\/loja\/wp-json\/wp\/v2\/product_cat?post=333047"},{"taxonomy":"product_tag","embeddable":true,"href":"https:\/\/www.livrariarema.com.br\/loja\/wp-json\/wp\/v2\/product_tag?post=333047"}],"curies":[{"name":"wp","href":"https:\/\/api.w.org\/{rel}","templated":true}]}}