{"id":333093,"date":"2025-07-03T09:50:43","date_gmt":"2025-07-03T12:50:43","guid":{"rendered":"https:\/\/www.livrariarema.com.br\/loja\/produtos\/sem categoria\/biblia-com-harpa-slim-letra-grande-capa-pu-rosa-e-pink\/"},"modified":"2025-07-09T14:26:29","modified_gmt":"2025-07-09T17:26:29","slug":"biblia-com-harpa-slim-letra-grande-capa-pu-rosa-e-pink","status":"publish","type":"product","link":"https:\/\/www.livrariarema.com.br\/loja\/produtos\/biblias\/revista-corrigida-com-harpa\/biblia-com-harpa-slim-letra-grande-capa-pu-rosa-e-pink\/","title":{"rendered":"B\u00edblia Com Harpa &#8211; Slim &#8211; Letra Grande &#8211; Capa Pu &#8211; Rosa E Pink"},"content":{"rendered":"<p>A B\u00edblia SLIM LARGE ARC CAPA PU BICOLOR \u00e9 uma edi\u00e7\u00e3o especial que combina estilo, praticidade e profundidade espiritual. Seu formato slim permite um manuseio confort\u00e1vel e conveniente, tornando-a uma companheira ideal para o dia a dia.<\/p>\n<p>Com um design moderno e elegante, a capa bicolor \u00e9 um atrativo visual por si s\u00f3. Apresenta o texto sagrado na tradu\u00e7\u00e3o Almeida Revista e Corrigida, preservando a riqueza e a majestade das palavras originais, ao mesmo tempo em que oferece uma leitura mais flu\u00edda e acess\u00edvel.<\/p>\n<p>Para auxiliar na compreens\u00e3o dos textos, apresenta a formata\u00e7\u00e3o das palavras de Deus em azul e as palavras de Jesus em vermelho, criando uma experi\u00eancia \u00fanica de leitura.<br \/>\n&#8211; Palavra de Deus em Azul e Jesus em Vermelho<br \/>\n&#8211; Almeida Revista e Corrigida<br \/>\n&#8211; Capa PU Bicolor<br \/>\n&#8211; Letra Grande<br \/>\n&#8211; 888 P\u00e1ginas<br \/>\n&#8211; Slim Large<\/p>\n","protected":false},"excerpt":{"rendered":"<p>A B\u00edblia SLIM LARGE ARC CAPA PU BICOLOR \u00e9 uma edi\u00e7\u00e3o especial que combina estilo, praticidade e profundidade espiritual. Seu&hellip;<\/p>\n","protected":false},"featured_media":333572,"comment_status":"open","ping_status":"closed","template":"","meta":[],"product_cat":[139,151],"product_tag":[],"_links":{"self":[{"href":"https:\/\/www.livrariarema.com.br\/loja\/wp-json\/wp\/v2\/product\/333093"}],"collection":[{"href":"https:\/\/www.livrariarema.com.br\/loja\/wp-json\/wp\/v2\/product"}],"about":[{"href":"https:\/\/www.livrariarema.com.br\/loja\/wp-json\/wp\/v2\/types\/product"}],"replies":[{"embeddable":true,"href":"https:\/\/www.livrariarema.com.br\/loja\/wp-json\/wp\/v2\/comments?post=333093"}],"wp:featuredmedia":[{"embeddable":true,"href":"https:\/\/www.livrariarema.com.br\/loja\/wp-json\/wp\/v2\/media\/333572"}],"wp:attachment":[{"href":"https:\/\/www.livrariarema.com.br\/loja\/wp-json\/wp\/v2\/media?parent=333093"}],"wp:term":[{"taxonomy":"product_cat","embeddable":true,"href":"https:\/\/www.livrariarema.com.br\/loja\/wp-json\/wp\/v2\/product_cat?post=333093"},{"taxonomy":"product_tag","embeddable":true,"href":"https:\/\/www.livrariarema.com.br\/loja\/wp-json\/wp\/v2\/product_tag?post=333093"}],"curies":[{"name":"wp","href":"https:\/\/api.w.org\/{rel}","templated":true}]}}