{"id":333119,"date":"2025-07-03T09:52:12","date_gmt":"2025-07-03T12:52:12","guid":{"rendered":"https:\/\/www.livrariarema.com.br\/loja\/produtos\/sem%20categoria\/10-coisas-que-roubam-sua-alegria-charles-spurgeon\/"},"modified":"2025-08-05T15:30:39","modified_gmt":"2025-08-05T18:30:39","slug":"10-coisas-que-roubam-sua-alegria-charles-spurgeon","status":"publish","type":"product","link":"https:\/\/www.livrariarema.com.br\/loja\/produtos\/livros\/vida-crista\/10-coisas-que-roubam-sua-alegria-charles-spurgeon\/","title":{"rendered":"10 Coisas Que Roubam Sua Alegria &#8211; Charles Spurgeon"},"content":{"rendered":"<p>&#8220;Alegrem-se sempre no Senhor. Novamente direi: alegrem-se!&#8221; (Filipenses 4.4). A alegria \u00e9 um fruto do Esp\u00edrito Santo, \u00e9 uma ben\u00e7\u00e3o de Deus aos seus filhos, visando aben\u00e7o\u00e1-los para uma vida de prazer, mas n\u00e3o qualquer tipo de prazer ou alegria, \u00e9 um sentido que leva o crist\u00e3o a experimentar a plenitude da vida.<\/p>\n<p>O salmista fala sobre isso: &#8220;Antes tem o seu prazer na lei do Senhor, e na sua lei medita de dia e de noite.&#8221; (Salmos 1.2). A sua alegria, o seu prazer est\u00e1 no precioso mandamento do Senhor. Esta obra tem por objetivo preservar o mandamento b\u00edblico sobre a alegria.<\/p>\n<p>Viver sem a alegria \u00e9 como viver sem a motiva\u00e7\u00e3o! Assim sendo, este livro conta com 10 poderosas exposi\u00e7\u00f5es b\u00edblicas de Charles Spurgeon, sobre como vencer os inimigos que tentam roubar a sua alegria.<\/p>\n","protected":false},"excerpt":{"rendered":"<p>&#8220;Alegrem-se sempre no Senhor. Novamente direi: alegrem-se!&#8221; (Filipenses 4.4). A alegria \u00e9 um fruto do Esp\u00edrito Santo, \u00e9 uma ben\u00e7\u00e3o&hellip;<\/p>\n","protected":false},"featured_media":333652,"comment_status":"open","ping_status":"closed","template":"","meta":[],"product_cat":[134,137],"product_tag":[],"_links":{"self":[{"href":"https:\/\/www.livrariarema.com.br\/loja\/wp-json\/wp\/v2\/product\/333119"}],"collection":[{"href":"https:\/\/www.livrariarema.com.br\/loja\/wp-json\/wp\/v2\/product"}],"about":[{"href":"https:\/\/www.livrariarema.com.br\/loja\/wp-json\/wp\/v2\/types\/product"}],"replies":[{"embeddable":true,"href":"https:\/\/www.livrariarema.com.br\/loja\/wp-json\/wp\/v2\/comments?post=333119"}],"wp:featuredmedia":[{"embeddable":true,"href":"https:\/\/www.livrariarema.com.br\/loja\/wp-json\/wp\/v2\/media\/333652"}],"wp:attachment":[{"href":"https:\/\/www.livrariarema.com.br\/loja\/wp-json\/wp\/v2\/media?parent=333119"}],"wp:term":[{"taxonomy":"product_cat","embeddable":true,"href":"https:\/\/www.livrariarema.com.br\/loja\/wp-json\/wp\/v2\/product_cat?post=333119"},{"taxonomy":"product_tag","embeddable":true,"href":"https:\/\/www.livrariarema.com.br\/loja\/wp-json\/wp\/v2\/product_tag?post=333119"}],"curies":[{"name":"wp","href":"https:\/\/api.w.org\/{rel}","templated":true}]}}