{"id":333125,"date":"2025-07-03T10:53:35","date_gmt":"2025-07-03T13:53:35","guid":{"rendered":"https:\/\/www.livrariarema.com.br\/loja\/produtos\/sem%20categoria\/a-chave-dourada-george-macdonald\/"},"modified":"2025-10-31T09:00:34","modified_gmt":"2025-10-31T12:00:34","slug":"a-chave-dourada-george-macdonald","status":"publish","type":"product","link":"https:\/\/www.livrariarema.com.br\/loja\/produtos\/livros\/ficcao\/a-chave-dourada-george-macdonald\/","title":{"rendered":"A Chave Dourada &#8211; George Macdonald"},"content":{"rendered":"<p>A Chave Dourada, publicada inicialmente em &#8220;Dealing with the fairies&#8221; (1867), um volume com cinco contos do autor, \u00e9 um dos tantos contos de fadas que o ilustr\u00edssimo George MacDonald escreveu.<\/p>\n<p>A hist\u00f3ria conta com a presen\u00e7a de Baderninha e Musguinho, duas crian\u00e7as que, com a ajuda de fadas, peixes-voadores, velhos homens, um majestoso arco\u00edris e Av\u00f3, v\u00e3o em busca da dire\u00e7\u00e3o de onde v\u00eam as sombras para encontrar a fechadura da divina chave dourada.<\/p>\n","protected":false},"excerpt":{"rendered":"<p>A Chave Dourada, publicada inicialmente em &#8220;Dealing with the fairies&#8221; (1867), um volume com cinco contos do autor, \u00e9 um&hellip;<\/p>\n","protected":false},"featured_media":333631,"comment_status":"open","ping_status":"closed","template":"","meta":[],"product_cat":[162,134],"product_tag":[],"_links":{"self":[{"href":"https:\/\/www.livrariarema.com.br\/loja\/wp-json\/wp\/v2\/product\/333125"}],"collection":[{"href":"https:\/\/www.livrariarema.com.br\/loja\/wp-json\/wp\/v2\/product"}],"about":[{"href":"https:\/\/www.livrariarema.com.br\/loja\/wp-json\/wp\/v2\/types\/product"}],"replies":[{"embeddable":true,"href":"https:\/\/www.livrariarema.com.br\/loja\/wp-json\/wp\/v2\/comments?post=333125"}],"wp:featuredmedia":[{"embeddable":true,"href":"https:\/\/www.livrariarema.com.br\/loja\/wp-json\/wp\/v2\/media\/333631"}],"wp:attachment":[{"href":"https:\/\/www.livrariarema.com.br\/loja\/wp-json\/wp\/v2\/media?parent=333125"}],"wp:term":[{"taxonomy":"product_cat","embeddable":true,"href":"https:\/\/www.livrariarema.com.br\/loja\/wp-json\/wp\/v2\/product_cat?post=333125"},{"taxonomy":"product_tag","embeddable":true,"href":"https:\/\/www.livrariarema.com.br\/loja\/wp-json\/wp\/v2\/product_tag?post=333125"}],"curies":[{"name":"wp","href":"https:\/\/api.w.org\/{rel}","templated":true}]}}