{"id":333127,"date":"2025-07-03T10:53:47","date_gmt":"2025-07-03T13:53:47","guid":{"rendered":"https:\/\/www.livrariarema.com.br\/loja\/produtos\/sem%20categoria\/auxilio-para-obreiros-charles-spurgeon\/"},"modified":"2025-08-07T14:50:49","modified_gmt":"2025-08-07T17:50:49","slug":"auxilio-para-obreiros-charles-spurgeon","status":"publish","type":"product","link":"https:\/\/www.livrariarema.com.br\/loja\/produtos\/livros\/vida-crista\/auxilio-para-obreiros-charles-spurgeon\/","title":{"rendered":"Aux\u00edlio Para Obreiros &#8211; Charles Spurgeon"},"content":{"rendered":"<p>&#8221;Aux\u00edlio para Obreiros&#8221; \u00e9 um guia de orienta\u00e7\u00e3o para ministros da igreja, escrito sabiamente por um dos maiores pregadores do protestantismo ingl\u00eas, chamado Pr\u00edncipe dos Pregadores, Charles Spurgeon.<\/p>\n","protected":false},"excerpt":{"rendered":"<p>&#8221;Aux\u00edlio para Obreiros&#8221; \u00e9 um guia de orienta\u00e7\u00e3o para ministros da igreja, escrito sabiamente por um dos maiores pregadores do&hellip;<\/p>\n","protected":false},"featured_media":333633,"comment_status":"open","ping_status":"closed","template":"","meta":[],"product_cat":[134,137],"product_tag":[],"_links":{"self":[{"href":"https:\/\/www.livrariarema.com.br\/loja\/wp-json\/wp\/v2\/product\/333127"}],"collection":[{"href":"https:\/\/www.livrariarema.com.br\/loja\/wp-json\/wp\/v2\/product"}],"about":[{"href":"https:\/\/www.livrariarema.com.br\/loja\/wp-json\/wp\/v2\/types\/product"}],"replies":[{"embeddable":true,"href":"https:\/\/www.livrariarema.com.br\/loja\/wp-json\/wp\/v2\/comments?post=333127"}],"wp:featuredmedia":[{"embeddable":true,"href":"https:\/\/www.livrariarema.com.br\/loja\/wp-json\/wp\/v2\/media\/333633"}],"wp:attachment":[{"href":"https:\/\/www.livrariarema.com.br\/loja\/wp-json\/wp\/v2\/media?parent=333127"}],"wp:term":[{"taxonomy":"product_cat","embeddable":true,"href":"https:\/\/www.livrariarema.com.br\/loja\/wp-json\/wp\/v2\/product_cat?post=333127"},{"taxonomy":"product_tag","embeddable":true,"href":"https:\/\/www.livrariarema.com.br\/loja\/wp-json\/wp\/v2\/product_tag?post=333127"}],"curies":[{"name":"wp","href":"https:\/\/api.w.org\/{rel}","templated":true}]}}