{"id":333129,"date":"2025-07-03T10:54:00","date_gmt":"2025-07-03T13:54:00","guid":{"rendered":"https:\/\/www.livrariarema.com.br\/loja\/produtos\/sem%20categoria\/a-esperanca-do-evangelho-george-macdonald\/"},"modified":"2025-07-09T14:35:12","modified_gmt":"2025-07-09T17:35:12","slug":"a-esperanca-do-evangelho-george-macdonald","status":"publish","type":"product","link":"https:\/\/www.livrariarema.com.br\/loja\/produtos\/livros\/vida-crista\/a-esperanca-do-evangelho-george-macdonald\/","title":{"rendered":"A Esperan\u00e7a Do Evangelho &#8211; George Macdonald"},"content":{"rendered":"<p>Tendo influenciado diversos autores de fantasia de seu s\u00e9culo posterior com textos como &#8220;Phantastes&#8221; (1958) e &#8220;A Chave Dourada&#8221; (1867), George MacDonald tamb\u00e9m escreveu livros de cunho teol\u00f3gico, caracter\u00edsticos pelo uso de elementos que constantemente dialogam com seus textos ficcionais, em que a imagina\u00e7\u00e3o abre panoramas em seu pensamento religioso.<\/p>\n<p>Tratando de quest\u00f5es pouco tocadas por outros te\u00f3logos, George MacDonald aborda temas como o lugar das outras cria\u00e7\u00f5es de Deus al\u00e9m do homem no C\u00e9u, mas tamb\u00e9m se at\u00e9m a pertin\u00eancias frequentes e gerais nas reflex\u00f5es da vida crist\u00e3.<\/p>\n<p>A esperan\u00e7a do Evangelho traz, em uma leitura din\u00e2mica, pondera\u00e7\u00f5es ainda hoje necess\u00e1rias para um desempenho mais pleno da f\u00e9 no dia a dia, trazendo uma interpreta\u00e7\u00e3o atualizada do Novo Testamento a todo e qualquer p\u00fablico interessado.<\/p>\n","protected":false},"excerpt":{"rendered":"<p>Tendo influenciado diversos autores de fantasia de seu s\u00e9culo posterior com textos como &#8220;Phantastes&#8221; (1958) e &#8220;A Chave Dourada&#8221; (1867),&hellip;<\/p>\n","protected":false},"featured_media":333634,"comment_status":"open","ping_status":"closed","template":"","meta":[],"product_cat":[134,137],"product_tag":[],"_links":{"self":[{"href":"https:\/\/www.livrariarema.com.br\/loja\/wp-json\/wp\/v2\/product\/333129"}],"collection":[{"href":"https:\/\/www.livrariarema.com.br\/loja\/wp-json\/wp\/v2\/product"}],"about":[{"href":"https:\/\/www.livrariarema.com.br\/loja\/wp-json\/wp\/v2\/types\/product"}],"replies":[{"embeddable":true,"href":"https:\/\/www.livrariarema.com.br\/loja\/wp-json\/wp\/v2\/comments?post=333129"}],"wp:featuredmedia":[{"embeddable":true,"href":"https:\/\/www.livrariarema.com.br\/loja\/wp-json\/wp\/v2\/media\/333634"}],"wp:attachment":[{"href":"https:\/\/www.livrariarema.com.br\/loja\/wp-json\/wp\/v2\/media?parent=333129"}],"wp:term":[{"taxonomy":"product_cat","embeddable":true,"href":"https:\/\/www.livrariarema.com.br\/loja\/wp-json\/wp\/v2\/product_cat?post=333129"},{"taxonomy":"product_tag","embeddable":true,"href":"https:\/\/www.livrariarema.com.br\/loja\/wp-json\/wp\/v2\/product_tag?post=333129"}],"curies":[{"name":"wp","href":"https:\/\/api.w.org\/{rel}","templated":true}]}}