{"id":333131,"date":"2025-07-03T10:54:11","date_gmt":"2025-07-03T13:54:11","guid":{"rendered":"https:\/\/www.livrariarema.com.br\/loja\/produtos\/sem categoria\/a-oracao-de-jabez-charles-spurgeon\/"},"modified":"2026-02-19T14:26:11","modified_gmt":"2026-02-19T17:26:11","slug":"a-oracao-de-jabez-charles-spurgeon","status":"publish","type":"product","link":"https:\/\/www.livrariarema.com.br\/loja\/produtos\/livros\/vida-crista\/a-oracao-de-jabez-charles-spurgeon\/","title":{"rendered":"A Ora\u00e7\u00e3o De Jabez &#8211; Charles Spurgeon"},"content":{"rendered":"<p>O que sabemos sobre Jabez? Sabemos que ele era um homem honroso e ilustre, o seu nome \u00e9 Jabez porque sua m\u00e3e o deu \u00e0 luz com tristeza. E \u00e9 aqui que vemos que Deus, independente das circunst\u00e2ncias mais nebulosas, tem um plano para n\u00f3s.<\/p>\n<p>Um ponto que parece ser de grande import\u00e2ncia \u00e9 que Deus n\u00e3o abandonou Jabez, e esse \u00e9 mais um dos aspectos que torna esta obra magn\u00edfica, pois al\u00e9m de ter belas exposi\u00e7\u00f5es da Palavra de Deus, de um dos maiores pregadores da Igreja, esta obra se torna \u00fanica, direcionada, e espec\u00edfica a cada leitor, pois Charles Spurgeon trata de forma pontual cada aspecto e ensinamentos que veremos neste livro, usando a hist\u00f3ria de Jabez e outros textos da Sagradas Escrituras.<\/p>\n","protected":false},"excerpt":{"rendered":"<p>O que sabemos sobre Jabez? Sabemos que ele era um homem honroso e ilustre, o seu nome \u00e9 Jabez porque&hellip;<\/p>\n","protected":false},"featured_media":333638,"comment_status":"open","ping_status":"closed","template":"","meta":[],"product_cat":[134,137],"product_tag":[],"_links":{"self":[{"href":"https:\/\/www.livrariarema.com.br\/loja\/wp-json\/wp\/v2\/product\/333131"}],"collection":[{"href":"https:\/\/www.livrariarema.com.br\/loja\/wp-json\/wp\/v2\/product"}],"about":[{"href":"https:\/\/www.livrariarema.com.br\/loja\/wp-json\/wp\/v2\/types\/product"}],"replies":[{"embeddable":true,"href":"https:\/\/www.livrariarema.com.br\/loja\/wp-json\/wp\/v2\/comments?post=333131"}],"wp:featuredmedia":[{"embeddable":true,"href":"https:\/\/www.livrariarema.com.br\/loja\/wp-json\/wp\/v2\/media\/333638"}],"wp:attachment":[{"href":"https:\/\/www.livrariarema.com.br\/loja\/wp-json\/wp\/v2\/media?parent=333131"}],"wp:term":[{"taxonomy":"product_cat","embeddable":true,"href":"https:\/\/www.livrariarema.com.br\/loja\/wp-json\/wp\/v2\/product_cat?post=333131"},{"taxonomy":"product_tag","embeddable":true,"href":"https:\/\/www.livrariarema.com.br\/loja\/wp-json\/wp\/v2\/product_tag?post=333131"}],"curies":[{"name":"wp","href":"https:\/\/api.w.org\/{rel}","templated":true}]}}