{"id":333137,"date":"2025-07-03T11:13:36","date_gmt":"2025-07-03T14:13:36","guid":{"rendered":"https:\/\/www.livrariarema.com.br\/loja\/produtos\/sem%20categoria\/a-cruz-de-cristo-charles-spurgeon\/"},"modified":"2025-12-03T16:52:42","modified_gmt":"2025-12-03T19:52:42","slug":"a-cruz-de-cristo-charles-spurgeon","status":"publish","type":"product","link":"https:\/\/www.livrariarema.com.br\/loja\/produtos\/livros\/vida-crista\/a-cruz-de-cristo-charles-spurgeon\/","title":{"rendered":"A Cruz De Cristo &#8211; Charles Spurgeon"},"content":{"rendered":"<p>&#8220;Porque a palavra da cruz \u00e9 loucura para os que perecem; mas para n\u00f3s, que somos salvos, \u00e9 o poder de Deus.&#8221; (1 Cor\u00edntios 1.18).<\/p>\n<p>Toda a mensagem da Sagrada Escritura est\u00e1 envolta em um processo espec\u00edfico, a Salva\u00e7\u00e3o da humanidade; por\u00e9m n\u00e3o podemos falar disso sem pensarmos sobre o terr\u00edvel e glorioso dia da crucifica\u00e7\u00e3o.<\/p>\n<p>&#8220;Tendo cancelado o escrito de d\u00edvida que era contra n\u00f3s e que constava de ordenan\u00e7as, o qual nos era contr\u00e1rio, removeu-o inteiramente, cravando-o na cruz&#8221;. (Colossenses 2.14).<\/p>\n<p>O ato de Jesus na cruz, nos trouxe liberdade. \u00c9 exatamente sobre isso que Spurgeon vai falar em seus serm\u00f5es. Prepare-se para entender de forma detalhada a mensagem da cruz.<\/p>\n","protected":false},"excerpt":{"rendered":"<p>&#8220;Porque a palavra da cruz \u00e9 loucura para os que perecem; mas para n\u00f3s, que somos salvos, \u00e9 o poder&hellip;<\/p>\n","protected":false},"featured_media":333647,"comment_status":"open","ping_status":"closed","template":"","meta":[],"product_cat":[134,137],"product_tag":[],"_links":{"self":[{"href":"https:\/\/www.livrariarema.com.br\/loja\/wp-json\/wp\/v2\/product\/333137"}],"collection":[{"href":"https:\/\/www.livrariarema.com.br\/loja\/wp-json\/wp\/v2\/product"}],"about":[{"href":"https:\/\/www.livrariarema.com.br\/loja\/wp-json\/wp\/v2\/types\/product"}],"replies":[{"embeddable":true,"href":"https:\/\/www.livrariarema.com.br\/loja\/wp-json\/wp\/v2\/comments?post=333137"}],"wp:featuredmedia":[{"embeddable":true,"href":"https:\/\/www.livrariarema.com.br\/loja\/wp-json\/wp\/v2\/media\/333647"}],"wp:attachment":[{"href":"https:\/\/www.livrariarema.com.br\/loja\/wp-json\/wp\/v2\/media?parent=333137"}],"wp:term":[{"taxonomy":"product_cat","embeddable":true,"href":"https:\/\/www.livrariarema.com.br\/loja\/wp-json\/wp\/v2\/product_cat?post=333137"},{"taxonomy":"product_tag","embeddable":true,"href":"https:\/\/www.livrariarema.com.br\/loja\/wp-json\/wp\/v2\/product_tag?post=333137"}],"curies":[{"name":"wp","href":"https:\/\/api.w.org\/{rel}","templated":true}]}}