{"id":333153,"date":"2025-07-03T11:14:28","date_gmt":"2025-07-03T14:14:28","guid":{"rendered":"https:\/\/www.livrariarema.com.br\/loja\/produtos\/sem categoria\/avivamento-para-nacoes-charles-spurgeon\/"},"modified":"2025-07-09T14:38:07","modified_gmt":"2025-07-09T17:38:07","slug":"avivamento-para-nacoes-charles-spurgeon","status":"publish","type":"product","link":"https:\/\/www.livrariarema.com.br\/loja\/produtos\/livros\/vida-crista\/avivamento-para-nacoes-charles-spurgeon\/","title":{"rendered":"Avivamento Para Na\u00e7\u00f5es &#8211; Charles Spurgeon"},"content":{"rendered":"<p>O Avivamento \u00e9 uma experi\u00eancia completa de renova\u00e7\u00e3o do esp\u00edrito, substancialmente emergida nos cora\u00e7\u00f5es e, em seguida, manifestada no coletivo atrav\u00e9s do povo escolhido por Deus. Justificado na B\u00edblia em momentos de intenso empenho e dilig\u00eancia \u00e0 Palavra de Deus, o Avivamento, neste livro, \u00e9 discutido por Charles Haddon Spurgeon (1834-1892), ministro \u00e1vido do Senhor.<\/p>\n<p>Neste texto, h\u00e1 uma explana\u00e7\u00e3o inicial acerca do movimento, isto \u00e9, s\u00e3o detalhadas as motiva\u00e7\u00f5es de incorpora\u00e7\u00e3o deste conceito, o qual, al\u00e9m de se referir a um mover sobrenatural de Deus, de mesma forma relata a perspectiva de entrega m\u00e1xima de um crist\u00e3o verdadeiro a Cristo.<\/p>\n","protected":false},"excerpt":{"rendered":"<p>O Avivamento \u00e9 uma experi\u00eancia completa de renova\u00e7\u00e3o do esp\u00edrito, substancialmente emergida nos cora\u00e7\u00f5es e, em seguida, manifestada no coletivo&hellip;<\/p>\n","protected":false},"featured_media":333668,"comment_status":"open","ping_status":"closed","template":"","meta":[],"product_cat":[134,137],"product_tag":[],"_links":{"self":[{"href":"https:\/\/www.livrariarema.com.br\/loja\/wp-json\/wp\/v2\/product\/333153"}],"collection":[{"href":"https:\/\/www.livrariarema.com.br\/loja\/wp-json\/wp\/v2\/product"}],"about":[{"href":"https:\/\/www.livrariarema.com.br\/loja\/wp-json\/wp\/v2\/types\/product"}],"replies":[{"embeddable":true,"href":"https:\/\/www.livrariarema.com.br\/loja\/wp-json\/wp\/v2\/comments?post=333153"}],"wp:featuredmedia":[{"embeddable":true,"href":"https:\/\/www.livrariarema.com.br\/loja\/wp-json\/wp\/v2\/media\/333668"}],"wp:attachment":[{"href":"https:\/\/www.livrariarema.com.br\/loja\/wp-json\/wp\/v2\/media?parent=333153"}],"wp:term":[{"taxonomy":"product_cat","embeddable":true,"href":"https:\/\/www.livrariarema.com.br\/loja\/wp-json\/wp\/v2\/product_cat?post=333153"},{"taxonomy":"product_tag","embeddable":true,"href":"https:\/\/www.livrariarema.com.br\/loja\/wp-json\/wp\/v2\/product_tag?post=333153"}],"curies":[{"name":"wp","href":"https:\/\/api.w.org\/{rel}","templated":true}]}}