{"id":333163,"date":"2025-07-03T11:14:52","date_gmt":"2025-07-03T14:14:52","guid":{"rendered":"https:\/\/www.livrariarema.com.br\/loja\/produtos\/sem categoria\/alegria-em-meio-a-tempestade-charles-spurgeon\/"},"modified":"2026-02-19T14:26:27","modified_gmt":"2026-02-19T17:26:27","slug":"alegria-em-meio-a-tempestade-charles-spurgeon","status":"publish","type":"product","link":"https:\/\/www.livrariarema.com.br\/loja\/produtos\/livros\/vida-crista\/alegria-em-meio-a-tempestade-charles-spurgeon\/","title":{"rendered":"Alegria Em Meio A Tempestade &#8211; Charles Spurgeon"},"content":{"rendered":"<p>Alegria em meio \u00e0 tempestade \u00e9 um livro que cont\u00e9m serm\u00f5es que nos convida a encontrar a felicidade em meio \u00e0s adversidades da vida. Em momentos de dificuldade, \u00e9 comum nos sentirmos tristes e desanimados, mas os serm\u00f5es Charles H. Spurgeon nos mostra que \u00e9 poss\u00edvel encontrar alegria mesmo nas situa\u00e7\u00f5es mais dif\u00edceis.<\/p>\n<p>Cada um destes serm\u00f5es nos traz conselhos pr\u00e1ticos, este livro \u00e9 uma luz de esperan\u00e7a em meio \u00e0 escurid\u00e3o da tempestade. Descubra como transformar suas dificuldades em oportunidades de crescimento, e aprenda a encontrar alegria em cada momento da sua jornada.<\/p>\n","protected":false},"excerpt":{"rendered":"<p>Alegria em meio \u00e0 tempestade \u00e9 um livro que cont\u00e9m serm\u00f5es que nos convida a encontrar a felicidade em meio&hellip;<\/p>\n","protected":false},"featured_media":333682,"comment_status":"open","ping_status":"closed","template":"","meta":[],"product_cat":[134,137],"product_tag":[],"_links":{"self":[{"href":"https:\/\/www.livrariarema.com.br\/loja\/wp-json\/wp\/v2\/product\/333163"}],"collection":[{"href":"https:\/\/www.livrariarema.com.br\/loja\/wp-json\/wp\/v2\/product"}],"about":[{"href":"https:\/\/www.livrariarema.com.br\/loja\/wp-json\/wp\/v2\/types\/product"}],"replies":[{"embeddable":true,"href":"https:\/\/www.livrariarema.com.br\/loja\/wp-json\/wp\/v2\/comments?post=333163"}],"wp:featuredmedia":[{"embeddable":true,"href":"https:\/\/www.livrariarema.com.br\/loja\/wp-json\/wp\/v2\/media\/333682"}],"wp:attachment":[{"href":"https:\/\/www.livrariarema.com.br\/loja\/wp-json\/wp\/v2\/media?parent=333163"}],"wp:term":[{"taxonomy":"product_cat","embeddable":true,"href":"https:\/\/www.livrariarema.com.br\/loja\/wp-json\/wp\/v2\/product_cat?post=333163"},{"taxonomy":"product_tag","embeddable":true,"href":"https:\/\/www.livrariarema.com.br\/loja\/wp-json\/wp\/v2\/product_tag?post=333163"}],"curies":[{"name":"wp","href":"https:\/\/api.w.org\/{rel}","templated":true}]}}