{"id":333165,"date":"2025-07-03T11:14:58","date_gmt":"2025-07-03T14:14:58","guid":{"rendered":"https:\/\/www.livrariarema.com.br\/loja\/produtos\/sem%20categoria\/a-visao-de-deus-charles-spurgeon\/"},"modified":"2025-10-14T11:29:41","modified_gmt":"2025-10-14T14:29:41","slug":"a-visao-de-deus-charles-spurgeon","status":"publish","type":"product","link":"https:\/\/www.livrariarema.com.br\/loja\/produtos\/livros\/vida-crista\/a-visao-de-deus-charles-spurgeon\/","title":{"rendered":"A Vis\u00e3o De Deus &#8211; Charles Spurgeon"},"content":{"rendered":"<p>Em um mundo cada vez mais agitado e estressante, muitas vezes nos esquecemos de algo essencial &#8211; a busca pela espiritualidade e a conex\u00e3o com algo maior do que n\u00f3s mesmos.<\/p>\n<p>Em &#8220;A Vida de Deus na Alma do Homem&#8221;, o autor Henry Scougal nos leva em uma jornada de reflex\u00e3o e descoberta, nos mostrando como \u00e9 poss\u00edvel encontrar significado e prop\u00f3sito em nossas vidas atrav\u00e9s de uma conex\u00e3o mais profunda com Deus.<\/p>\n<p>Scougal argumenta que a espiritualidade n\u00e3o \u00e9 apenas uma quest\u00e3o de religi\u00e3o ou dogmas, mas sim uma experi\u00eancia pessoal e transformadora.<\/p>\n<p>Este livro \u00e9 uma obra-prima da literatura crist\u00e3 e tem sido elogiado por muitos ao longo dos s\u00e9culos, incluindo John Wesley, fundador do metodismo, que o chamou de &#8220;um dos mais excelentes livros que j\u00e1 li na minha vida&#8221;.<\/p>\n","protected":false},"excerpt":{"rendered":"<p>Em um mundo cada vez mais agitado e estressante, muitas vezes nos esquecemos de algo essencial &#8211; a busca pela&hellip;<\/p>\n","protected":false},"featured_media":333684,"comment_status":"open","ping_status":"closed","template":"","meta":[],"product_cat":[134,137],"product_tag":[],"_links":{"self":[{"href":"https:\/\/www.livrariarema.com.br\/loja\/wp-json\/wp\/v2\/product\/333165"}],"collection":[{"href":"https:\/\/www.livrariarema.com.br\/loja\/wp-json\/wp\/v2\/product"}],"about":[{"href":"https:\/\/www.livrariarema.com.br\/loja\/wp-json\/wp\/v2\/types\/product"}],"replies":[{"embeddable":true,"href":"https:\/\/www.livrariarema.com.br\/loja\/wp-json\/wp\/v2\/comments?post=333165"}],"wp:featuredmedia":[{"embeddable":true,"href":"https:\/\/www.livrariarema.com.br\/loja\/wp-json\/wp\/v2\/media\/333684"}],"wp:attachment":[{"href":"https:\/\/www.livrariarema.com.br\/loja\/wp-json\/wp\/v2\/media?parent=333165"}],"wp:term":[{"taxonomy":"product_cat","embeddable":true,"href":"https:\/\/www.livrariarema.com.br\/loja\/wp-json\/wp\/v2\/product_cat?post=333165"},{"taxonomy":"product_tag","embeddable":true,"href":"https:\/\/www.livrariarema.com.br\/loja\/wp-json\/wp\/v2\/product_tag?post=333165"}],"curies":[{"name":"wp","href":"https:\/\/api.w.org\/{rel}","templated":true}]}}