{"id":333167,"date":"2025-07-03T11:15:04","date_gmt":"2025-07-03T14:15:04","guid":{"rendered":"https:\/\/www.livrariarema.com.br\/loja\/produtos\/sem categoria\/alem-das-ovelhas-o-pastor-que-pastoreia-a-si-mesmo-richard-baxter\/"},"modified":"2025-10-17T16:31:13","modified_gmt":"2025-10-17T19:31:13","slug":"alem-das-ovelhas-o-pastor-que-pastoreia-a-si-mesmo-richard-baxter","status":"publish","type":"product","link":"https:\/\/www.livrariarema.com.br\/loja\/produtos\/livros\/vida-crista\/alem-das-ovelhas-o-pastor-que-pastoreia-a-si-mesmo-richard-baxter\/","title":{"rendered":"Al\u00e9m Das Ovelhas: O Pastor Que Pastoreia A Si Mesmo &#8211; Richard Baxter"},"content":{"rendered":"<p>O pastor e te\u00f3logo Richard Baxter \u00e9 conhecido por seu cora\u00e7\u00e3o pastoral, e pela preocupa\u00e7\u00e3o com o bem estar espiritual de seus irm\u00e3os e irm\u00e3s no minist\u00e9rio.<BR><BR><br \/>\nEm Al\u00e9m das ovelhas: o pastor que pastoreia a si mesmo, Baxter nos presenteia com sua sabedoria e experi\u00eancia em autocuidado pastoral.<BR><br \/>\n<BR><br \/>\nCom uma abordagem direta e pr\u00e1tica, este livro \u00e9 um guia essencial para pastores que desejam pastorear a si mesmos e manter um equil\u00edbrio saud\u00e1vel entre sua vida pessoal e minist\u00e9rio.<BR><br \/>\n<BR><br \/>\nDescubra como cultivar uma vida espiritual saud\u00e1vel, como lidar com o esgotamento pastoral e como encontrar renova\u00e7\u00e3o e inspira\u00e7\u00e3o em Deus. Uma leitura indispens\u00e1vel para todo pastor que busca crescer em sua jornada de cuidado com a alma.<BR><\/p>\n","protected":false},"excerpt":{"rendered":"<p>O pastor e te\u00f3logo Richard Baxter \u00e9 conhecido por seu cora\u00e7\u00e3o pastoral, e pela preocupa\u00e7\u00e3o com o bem estar espiritual&hellip;<\/p>\n","protected":false},"featured_media":333687,"comment_status":"open","ping_status":"closed","template":"","meta":[],"product_cat":[134,137],"product_tag":[],"_links":{"self":[{"href":"https:\/\/www.livrariarema.com.br\/loja\/wp-json\/wp\/v2\/product\/333167"}],"collection":[{"href":"https:\/\/www.livrariarema.com.br\/loja\/wp-json\/wp\/v2\/product"}],"about":[{"href":"https:\/\/www.livrariarema.com.br\/loja\/wp-json\/wp\/v2\/types\/product"}],"replies":[{"embeddable":true,"href":"https:\/\/www.livrariarema.com.br\/loja\/wp-json\/wp\/v2\/comments?post=333167"}],"wp:featuredmedia":[{"embeddable":true,"href":"https:\/\/www.livrariarema.com.br\/loja\/wp-json\/wp\/v2\/media\/333687"}],"wp:attachment":[{"href":"https:\/\/www.livrariarema.com.br\/loja\/wp-json\/wp\/v2\/media?parent=333167"}],"wp:term":[{"taxonomy":"product_cat","embeddable":true,"href":"https:\/\/www.livrariarema.com.br\/loja\/wp-json\/wp\/v2\/product_cat?post=333167"},{"taxonomy":"product_tag","embeddable":true,"href":"https:\/\/www.livrariarema.com.br\/loja\/wp-json\/wp\/v2\/product_tag?post=333167"}],"curies":[{"name":"wp","href":"https:\/\/api.w.org\/{rel}","templated":true}]}}