{"id":333175,"date":"2025-07-03T11:15:24","date_gmt":"2025-07-03T14:15:24","guid":{"rendered":"https:\/\/www.livrariarema.com.br\/loja\/produtos\/sem%20categoria\/atacando-a-ansiedade-charles-spurgeon\/"},"modified":"2025-09-30T10:11:38","modified_gmt":"2025-09-30T13:11:38","slug":"atacando-a-ansiedade-charles-spurgeon","status":"publish","type":"product","link":"https:\/\/www.livrariarema.com.br\/loja\/produtos\/livros\/vida-crista\/atacando-a-ansiedade-charles-spurgeon\/","title":{"rendered":"Atacando A Ansiedade &#8211; Charles Spurgeon"},"content":{"rendered":"<p>Em seu livro inspirador, &#8220;Atacando a Ansiedade: da depress\u00e3o para a liberdade e vida&#8221;, o autor Charles Spurgeon oferece um b\u00e1lsamo espiritual para aqueles que est\u00e3o lutando contra as mazelas da ansiedade e da depress\u00e3o.<\/p>\n<p>Com uma sele\u00e7\u00e3o criteriosa de quatro serm\u00f5es poderosos do escritor, Spurgeon conduz os leitores por um caminho de reflex\u00e3o e f\u00e9, a fim de que encontremos conforto espiritual e, tamb\u00e9m, esperan\u00e7a.<\/p>\n","protected":false},"excerpt":{"rendered":"<p>Em seu livro inspirador, &#8220;Atacando a Ansiedade: da depress\u00e3o para a liberdade e vida&#8221;, o autor Charles Spurgeon oferece um&hellip;<\/p>\n","protected":false},"featured_media":333699,"comment_status":"open","ping_status":"closed","template":"","meta":[],"product_cat":[134,137],"product_tag":[],"_links":{"self":[{"href":"https:\/\/www.livrariarema.com.br\/loja\/wp-json\/wp\/v2\/product\/333175"}],"collection":[{"href":"https:\/\/www.livrariarema.com.br\/loja\/wp-json\/wp\/v2\/product"}],"about":[{"href":"https:\/\/www.livrariarema.com.br\/loja\/wp-json\/wp\/v2\/types\/product"}],"replies":[{"embeddable":true,"href":"https:\/\/www.livrariarema.com.br\/loja\/wp-json\/wp\/v2\/comments?post=333175"}],"wp:featuredmedia":[{"embeddable":true,"href":"https:\/\/www.livrariarema.com.br\/loja\/wp-json\/wp\/v2\/media\/333699"}],"wp:attachment":[{"href":"https:\/\/www.livrariarema.com.br\/loja\/wp-json\/wp\/v2\/media?parent=333175"}],"wp:term":[{"taxonomy":"product_cat","embeddable":true,"href":"https:\/\/www.livrariarema.com.br\/loja\/wp-json\/wp\/v2\/product_cat?post=333175"},{"taxonomy":"product_tag","embeddable":true,"href":"https:\/\/www.livrariarema.com.br\/loja\/wp-json\/wp\/v2\/product_tag?post=333175"}],"curies":[{"name":"wp","href":"https:\/\/api.w.org\/{rel}","templated":true}]}}