{"id":333177,"date":"2025-07-03T11:15:29","date_gmt":"2025-07-03T14:15:29","guid":{"rendered":"https:\/\/www.livrariarema.com.br\/loja\/produtos\/sem categoria\/cute-jesus-and-disciples-bobbie-goods\/"},"modified":"2025-08-09T13:40:43","modified_gmt":"2025-08-09T16:40:43","slug":"cute-jesus-and-disciples-bobbie-goods","status":"publish","type":"product","link":"https:\/\/www.livrariarema.com.br\/loja\/produtos\/livros\/infantil\/cute-jesus-and-disciples-bobbie-goods\/","title":{"rendered":"Cute Jesus And Disciples (Bobbie Goods)"},"content":{"rendered":"<p>O Livro de Colorir Cute Jesus and Disciples, foi criado para quem deseja se conectar com a f\u00e9 de forma leve, criativa e encantadora. Com ilustra\u00e7\u00f5es super fofas, este livro de colorir apresenta momentos marcantes da vida de Jesus e seus disc\u00edpulos, convidando o leitor a refletir, aprender e se inspirar enquanto colore.<\/p>\n<p>Cada p\u00e1gina \u00e9 um convite \u00e0 imagina\u00e7\u00e3o e \u00e0 espiritualidade, ideal para todas as idades &#8211; seja em momentos devocionais, atividades em grupo ou simplesmente como uma forma doce de relaxar e meditar sobre os ensinamentos de Jesus.<\/p>\n","protected":false},"excerpt":{"rendered":"<p>O Livro de Colorir Cute Jesus and Disciples, foi criado para quem deseja se conectar com a f\u00e9 de forma&hellip;<\/p>\n","protected":false},"featured_media":333700,"comment_status":"open","ping_status":"closed","template":"","meta":[],"product_cat":[144,134],"product_tag":[],"_links":{"self":[{"href":"https:\/\/www.livrariarema.com.br\/loja\/wp-json\/wp\/v2\/product\/333177"}],"collection":[{"href":"https:\/\/www.livrariarema.com.br\/loja\/wp-json\/wp\/v2\/product"}],"about":[{"href":"https:\/\/www.livrariarema.com.br\/loja\/wp-json\/wp\/v2\/types\/product"}],"replies":[{"embeddable":true,"href":"https:\/\/www.livrariarema.com.br\/loja\/wp-json\/wp\/v2\/comments?post=333177"}],"wp:featuredmedia":[{"embeddable":true,"href":"https:\/\/www.livrariarema.com.br\/loja\/wp-json\/wp\/v2\/media\/333700"}],"wp:attachment":[{"href":"https:\/\/www.livrariarema.com.br\/loja\/wp-json\/wp\/v2\/media?parent=333177"}],"wp:term":[{"taxonomy":"product_cat","embeddable":true,"href":"https:\/\/www.livrariarema.com.br\/loja\/wp-json\/wp\/v2\/product_cat?post=333177"},{"taxonomy":"product_tag","embeddable":true,"href":"https:\/\/www.livrariarema.com.br\/loja\/wp-json\/wp\/v2\/product_tag?post=333177"}],"curies":[{"name":"wp","href":"https:\/\/api.w.org\/{rel}","templated":true}]}}