{"id":333183,"date":"2025-07-03T12:56:18","date_gmt":"2025-07-03T15:56:18","guid":{"rendered":"https:\/\/www.livrariarema.com.br\/loja\/produtos\/sem%20categoria\/ansiedade-charles-spurgeon-e-jonathan-edwards\/"},"modified":"2025-08-05T16:40:33","modified_gmt":"2025-08-05T19:40:33","slug":"ansiedade-charles-spurgeon-e-jonathan-edwards","status":"publish","type":"product","link":"https:\/\/www.livrariarema.com.br\/loja\/produtos\/livros\/vida-crista\/ansiedade-charles-spurgeon-e-jonathan-edwards\/","title":{"rendered":"Ansiedade &#8211; Charles Spurgeon E Jonathan Edwards"},"content":{"rendered":"<p>&#8220;N\u00e3o andem ansiosos por coisa alguma[&#8230;]&#8221; (Filipenses 4:6). A Palavra de Deus est\u00e1 repleta de textos como este, que nos levam a uma vida livre da ansiedade. Aqui nesta obra apresentamos uma exposi\u00e7\u00e3o desses textos b\u00edblicos que falam sobre esse mal.<\/p>\n<p>Podemos dizer que Charles Spurgeon e Jonathan Edwards, homens puritanos, influentes at\u00e9 os dias atuais, v\u00eam atrav\u00e9s desta obra abrilhantar a nossa busca na luta contra a ansiedade em nosso tempo.<\/p>\n<p>O fato de termos o privil\u00e9gio de ter escritores antigos falando sobre um tema atual, \u00e9 muito importante pois isso ressalta duas coisas: o poder da Palavra de Deus em ser atemporal e a capacidade dos autores, em tirar tantas riquezas da Sagrada Escritura, expondo essas verdades de forma relevante ainda nos dias de hoje.<\/p>\n","protected":false},"excerpt":{"rendered":"<p>&#8220;N\u00e3o andem ansiosos por coisa alguma[&#8230;]&#8221; (Filipenses 4:6). A Palavra de Deus est\u00e1 repleta de textos como este, que nos&hellip;<\/p>\n","protected":false},"featured_media":333644,"comment_status":"open","ping_status":"closed","template":"","meta":[],"product_cat":[134,137],"product_tag":[],"_links":{"self":[{"href":"https:\/\/www.livrariarema.com.br\/loja\/wp-json\/wp\/v2\/product\/333183"}],"collection":[{"href":"https:\/\/www.livrariarema.com.br\/loja\/wp-json\/wp\/v2\/product"}],"about":[{"href":"https:\/\/www.livrariarema.com.br\/loja\/wp-json\/wp\/v2\/types\/product"}],"replies":[{"embeddable":true,"href":"https:\/\/www.livrariarema.com.br\/loja\/wp-json\/wp\/v2\/comments?post=333183"}],"wp:featuredmedia":[{"embeddable":true,"href":"https:\/\/www.livrariarema.com.br\/loja\/wp-json\/wp\/v2\/media\/333644"}],"wp:attachment":[{"href":"https:\/\/www.livrariarema.com.br\/loja\/wp-json\/wp\/v2\/media?parent=333183"}],"wp:term":[{"taxonomy":"product_cat","embeddable":true,"href":"https:\/\/www.livrariarema.com.br\/loja\/wp-json\/wp\/v2\/product_cat?post=333183"},{"taxonomy":"product_tag","embeddable":true,"href":"https:\/\/www.livrariarema.com.br\/loja\/wp-json\/wp\/v2\/product_tag?post=333183"}],"curies":[{"name":"wp","href":"https:\/\/api.w.org\/{rel}","templated":true}]}}