{"id":333287,"date":"2025-07-07T09:14:55","date_gmt":"2025-07-07T12:14:55","guid":{"rendered":"https:\/\/www.livrariarema.com.br\/loja\/produtos\/sem categoria\/presentes-do-espirito-santo-os-charles-spurgeon-e-r-a-torrey\/"},"modified":"2025-08-05T15:00:23","modified_gmt":"2025-08-05T18:00:23","slug":"presentes-do-espirito-santo-os-charles-spurgeon-e-r-a-torrey","status":"publish","type":"product","link":"https:\/\/www.livrariarema.com.br\/loja\/produtos\/livros\/vida-crista\/presentes-do-espirito-santo-os-charles-spurgeon-e-r-a-torrey\/","title":{"rendered":"Presentes Do Esp\u00edrito Santo, Os &#8211; Charles Spurgeon E R. A. Torrey"},"content":{"rendered":"<p>Na Palavra de Deus vemos de forma clara que o Esp\u00edrito Santo concede dons espirituais aos filhos de Deus, para seja realizada a boa obra do minist\u00e9rio. Sabendo disso temos o prazer de trazer a p\u00fablico este livro, que cont\u00e9m coment\u00e1rios de Charles H. Spurgeon, e de R.A. Torrey.<\/p>\n<p>Este livro \u00e9 ideal para quem busca conhecer melhor o Esp\u00edrito Santo, e saber tamb\u00e9m como Ele atua em n\u00f3s.<\/p>\n","protected":false},"excerpt":{"rendered":"<p>Na Palavra de Deus vemos de forma clara que o Esp\u00edrito Santo concede dons espirituais aos filhos de Deus, para&hellip;<\/p>\n","protected":false},"featured_media":333643,"comment_status":"open","ping_status":"closed","template":"","meta":[],"product_cat":[134,137],"product_tag":[],"_links":{"self":[{"href":"https:\/\/www.livrariarema.com.br\/loja\/wp-json\/wp\/v2\/product\/333287"}],"collection":[{"href":"https:\/\/www.livrariarema.com.br\/loja\/wp-json\/wp\/v2\/product"}],"about":[{"href":"https:\/\/www.livrariarema.com.br\/loja\/wp-json\/wp\/v2\/types\/product"}],"replies":[{"embeddable":true,"href":"https:\/\/www.livrariarema.com.br\/loja\/wp-json\/wp\/v2\/comments?post=333287"}],"wp:featuredmedia":[{"embeddable":true,"href":"https:\/\/www.livrariarema.com.br\/loja\/wp-json\/wp\/v2\/media\/333643"}],"wp:attachment":[{"href":"https:\/\/www.livrariarema.com.br\/loja\/wp-json\/wp\/v2\/media?parent=333287"}],"wp:term":[{"taxonomy":"product_cat","embeddable":true,"href":"https:\/\/www.livrariarema.com.br\/loja\/wp-json\/wp\/v2\/product_cat?post=333287"},{"taxonomy":"product_tag","embeddable":true,"href":"https:\/\/www.livrariarema.com.br\/loja\/wp-json\/wp\/v2\/product_tag?post=333287"}],"curies":[{"name":"wp","href":"https:\/\/api.w.org\/{rel}","templated":true}]}}