{"id":333947,"date":"2025-07-18T12:22:34","date_gmt":"2025-07-18T15:22:34","guid":{"rendered":"https:\/\/www.livrariarema.com.br\/loja\/produtos\/sem categoria\/a-leoa-e-o-besouro-lara-dolinski\/"},"modified":"2026-01-24T10:30:52","modified_gmt":"2026-01-24T13:30:52","slug":"a-leoa-e-o-besouro-lara-dolinski","status":"publish","type":"product","link":"https:\/\/www.livrariarema.com.br\/loja\/produtos\/livros\/biografia\/a-leoa-e-o-besouro-lara-dolinski\/","title":{"rendered":"A Leoa E O Besouro &#8211; Lara Dolinski"},"content":{"rendered":"<p>A Coragem de uma Leoa, a for\u00e7a de um besouro<\/p>\n<p>Neste livro, Lara conta parte da sua hist\u00f3ria. Nascida em 1993, viveu uma inf\u00e2ncia tranquila nos EUA e no Brasil, mas aos 10 anos de idade sua vida sofreu uma guinada ao ser diagnosticada com uma doen\u00e7a renal.<br \/>\nEm 2021, Lara inicia esse livro para registrar como estava construindo a sua vida, caminhando com ela no sofrimento da doen\u00e7a. Ela adorda temas como baixa autoestima, depress\u00e3o, suas lutaas e incertezas e seu amor por aqueles que lhe deram esperan\u00e7as e prop\u00f3sito para viver. <br \/>\nDe uma maneira \u00edntima, Lara convida o leitor a refletir sobre a constru\u00e7\u00e3o de um relacionamentobaseado no amor, livre de culpas ou cobran\u00e7as excessivas.<br \/>\nEm janeiro de 2022, Lara alcan\u00e7ou a paz eterna com seu amado Jesus. <br \/>\nEste livro, finalizado e publicado por sua familia e amigos, \u00e9 um testemunho de esperan\u00e7a, prop\u00f3sito e da for\u00e7a de uma vida marcada pela f\u00e9 e pelo amor.<\/p>\n","protected":false},"excerpt":{"rendered":"<p>A Coragem de uma Leoa, a for\u00e7a de um besouro Neste livro, Lara conta parte da sua hist\u00f3ria. Nascida em&hellip;<\/p>\n","protected":false},"featured_media":333946,"comment_status":"open","ping_status":"closed","template":"","meta":[],"product_cat":[181,134],"product_tag":[],"_links":{"self":[{"href":"https:\/\/www.livrariarema.com.br\/loja\/wp-json\/wp\/v2\/product\/333947"}],"collection":[{"href":"https:\/\/www.livrariarema.com.br\/loja\/wp-json\/wp\/v2\/product"}],"about":[{"href":"https:\/\/www.livrariarema.com.br\/loja\/wp-json\/wp\/v2\/types\/product"}],"replies":[{"embeddable":true,"href":"https:\/\/www.livrariarema.com.br\/loja\/wp-json\/wp\/v2\/comments?post=333947"}],"wp:featuredmedia":[{"embeddable":true,"href":"https:\/\/www.livrariarema.com.br\/loja\/wp-json\/wp\/v2\/media\/333946"}],"wp:attachment":[{"href":"https:\/\/www.livrariarema.com.br\/loja\/wp-json\/wp\/v2\/media?parent=333947"}],"wp:term":[{"taxonomy":"product_cat","embeddable":true,"href":"https:\/\/www.livrariarema.com.br\/loja\/wp-json\/wp\/v2\/product_cat?post=333947"},{"taxonomy":"product_tag","embeddable":true,"href":"https:\/\/www.livrariarema.com.br\/loja\/wp-json\/wp\/v2\/product_tag?post=333947"}],"curies":[{"name":"wp","href":"https:\/\/api.w.org\/{rel}","templated":true}]}}