{"id":333961,"date":"2025-07-18T12:23:19","date_gmt":"2025-07-18T15:23:19","guid":{"rendered":"https:\/\/www.livrariarema.com.br\/loja\/produtos\/sem categoria\/box-colecao-mulheres-viviane-martinello-edicao-de-luxo\/"},"modified":"2026-03-04T11:30:33","modified_gmt":"2026-03-04T14:30:33","slug":"box-colecao-mulheres-viviane-martinello-edicao-de-luxo","status":"publish","type":"product","link":"https:\/\/www.livrariarema.com.br\/loja\/produtos\/livros\/mulher\/box-colecao-mulheres-viviane-martinello-edicao-de-luxo\/","title":{"rendered":"Box Cole\u00e7\u00e3o Mulheres &#8211; Viviane Martinello (Edi\u00e7\u00e3o De Luxo)"},"content":{"rendered":"<p>Desperte sua for\u00e7a e uma f\u00e9 inabal\u00e1vel em Deus por meio deste box exclusivo que une os best-sellers Mulheres improv\u00e1veis e Mulheres enraizadas, ambos escritos por Viviane Martinello. As duas obras servem como fonte de inspira\u00e7\u00e3o para quem busca aprofundar suas ra\u00edzes em Cristo e reconhecer seu valor aos olhos do Senhor. Este \u00e9 o conte\u00fado ideal para quem deseja embarcar em uma jornada de supera\u00e7\u00e3o da esterilidade emocional e espiritual, al\u00e9m de compreender seu papel \u00fanico no plano de Deus. Com hist\u00f3rias surpreendentes e ensinamentos de f\u00e9, a autora nos lembra que cada uma de n\u00f3s \u00e9 parte essencial da cria\u00e7\u00e3o, convida-nos a honrar o prop\u00f3sito divino que nos foi confiado e nos deleitarmos no amor do Pai. O convite a esta ousada aventura est\u00e1 em suas m\u00e3os!<\/p>\n","protected":false},"excerpt":{"rendered":"<p>Desperte sua for\u00e7a e uma f\u00e9 inabal\u00e1vel em Deus por meio deste box exclusivo que une os best-sellers Mulheres improv\u00e1veis&hellip;<\/p>\n","protected":false},"featured_media":333960,"comment_status":"open","ping_status":"closed","template":"","meta":[],"product_cat":[134,170],"product_tag":[],"_links":{"self":[{"href":"https:\/\/www.livrariarema.com.br\/loja\/wp-json\/wp\/v2\/product\/333961"}],"collection":[{"href":"https:\/\/www.livrariarema.com.br\/loja\/wp-json\/wp\/v2\/product"}],"about":[{"href":"https:\/\/www.livrariarema.com.br\/loja\/wp-json\/wp\/v2\/types\/product"}],"replies":[{"embeddable":true,"href":"https:\/\/www.livrariarema.com.br\/loja\/wp-json\/wp\/v2\/comments?post=333961"}],"wp:featuredmedia":[{"embeddable":true,"href":"https:\/\/www.livrariarema.com.br\/loja\/wp-json\/wp\/v2\/media\/333960"}],"wp:attachment":[{"href":"https:\/\/www.livrariarema.com.br\/loja\/wp-json\/wp\/v2\/media?parent=333961"}],"wp:term":[{"taxonomy":"product_cat","embeddable":true,"href":"https:\/\/www.livrariarema.com.br\/loja\/wp-json\/wp\/v2\/product_cat?post=333961"},{"taxonomy":"product_tag","embeddable":true,"href":"https:\/\/www.livrariarema.com.br\/loja\/wp-json\/wp\/v2\/product_tag?post=333961"}],"curies":[{"name":"wp","href":"https:\/\/api.w.org\/{rel}","templated":true}]}}