{"id":333969,"date":"2025-07-18T12:23:39","date_gmt":"2025-07-18T15:23:39","guid":{"rendered":"https:\/\/www.livrariarema.com.br\/loja\/produtos\/sem categoria\/devocional-aprovada-bianca-franco\/"},"modified":"2026-03-03T15:30:42","modified_gmt":"2026-03-03T18:30:42","slug":"devocional-aprovada-bianca-franco","status":"publish","type":"product","link":"https:\/\/www.livrariarema.com.br\/loja\/produtos\/livros\/devocional\/devocional-aprovada-bianca-franco\/","title":{"rendered":"Devocional Aprovada &#8211; Bianca Franco"},"content":{"rendered":"<p>Aprofundando a mensagem de seu livro Aprovada: a cura da rejei\u00e7\u00e3o, Bianca Franco prop\u00f5e um devocional de 40 dias para mostrar que a vida crist\u00e3 vai muito al\u00e9m de experimentar cura e descobrir que voc\u00ea \u00e9 aprovada em Cristo.<\/p>\n<p>Se voc\u00ea j\u00e1 tem Jesus no trono de seu cora\u00e7\u00e3o, o pr\u00f3ximo passo que deve dar \u00e9 a santifica\u00e7\u00e3o, ou seja, \u00e9 continuar vivendo a transforma\u00e7\u00e3o que Deus come\u00e7ou em voc\u00ea, sem retroceder ao cativeiro do passado. Voc\u00ea n\u00e3o pode voltar atr\u00e1s. O velho comportamento j\u00e1 n\u00e3o condiz com sua nova identidade.<\/p>\n<p>Tornar-se uma nova criatura exige comprometimento com Cristo. Este livro \u00e9 mais uma ferramenta valiosa que ajudar\u00e1 voc\u00ea a se alinhar ao plano do Senhor para sua hist\u00f3ria, entrando em um novo n\u00edvel espiritual e experimentando uma maturidade que at\u00e9 ent\u00e3o n\u00e3o conhecia.<\/p>\n","protected":false},"excerpt":{"rendered":"<p>Aprofundando a mensagem de seu livro Aprovada: a cura da rejei\u00e7\u00e3o, Bianca Franco prop\u00f5e um devocional de 40 dias para&hellip;<\/p>\n","protected":false},"featured_media":342599,"comment_status":"open","ping_status":"closed","template":"","meta":[],"product_cat":[158,134],"product_tag":[],"_links":{"self":[{"href":"https:\/\/www.livrariarema.com.br\/loja\/wp-json\/wp\/v2\/product\/333969"}],"collection":[{"href":"https:\/\/www.livrariarema.com.br\/loja\/wp-json\/wp\/v2\/product"}],"about":[{"href":"https:\/\/www.livrariarema.com.br\/loja\/wp-json\/wp\/v2\/types\/product"}],"replies":[{"embeddable":true,"href":"https:\/\/www.livrariarema.com.br\/loja\/wp-json\/wp\/v2\/comments?post=333969"}],"wp:featuredmedia":[{"embeddable":true,"href":"https:\/\/www.livrariarema.com.br\/loja\/wp-json\/wp\/v2\/media\/342599"}],"wp:attachment":[{"href":"https:\/\/www.livrariarema.com.br\/loja\/wp-json\/wp\/v2\/media?parent=333969"}],"wp:term":[{"taxonomy":"product_cat","embeddable":true,"href":"https:\/\/www.livrariarema.com.br\/loja\/wp-json\/wp\/v2\/product_cat?post=333969"},{"taxonomy":"product_tag","embeddable":true,"href":"https:\/\/www.livrariarema.com.br\/loja\/wp-json\/wp\/v2\/product_tag?post=333969"}],"curies":[{"name":"wp","href":"https:\/\/api.w.org\/{rel}","templated":true}]}}