{"id":333973,"date":"2025-07-18T12:23:49","date_gmt":"2025-07-18T15:23:49","guid":{"rendered":"https:\/\/www.livrariarema.com.br\/loja\/produtos\/sem categoria\/devocional-forte-na-fe-karina-bacchi\/"},"modified":"2026-01-05T16:56:31","modified_gmt":"2026-01-05T19:56:31","slug":"devocional-forte-na-fe-karina-bacchi","status":"publish","type":"product","link":"https:\/\/www.livrariarema.com.br\/loja\/produtos\/livros\/devocional\/devocional-forte-na-fe-karina-bacchi\/","title":{"rendered":"Devocional + Forte Na F\u00e9 &#8211; Karina Bacchi"},"content":{"rendered":"<p>Este devocional \u00e9 um convite di\u00e1rio \u00e0 renova\u00e7\u00e3o da alma e \u00e0 redescoberta da for\u00e7a que vem do alto. Escrito por Karina Bacchi especialmente para mulheres, ele oferece, a cada p\u00e1gina, palavras que acalmam, curam e reorientam o cora\u00e7\u00e3o, acompanhadas por ora\u00e7\u00f5es.<\/p>\n<p>Em meio ao ru\u00eddo do mundo e \u00e0s press\u00f5es da rotina, muitas mulheres se sentem sobrecarregadas, sem dire\u00e7\u00e3o ou esquecidas. Este livro chega como um sopro do C\u00e9u, um chamado para descansar no colo do Pai, fortalecer sua intimidade com Ele e caminhar com f\u00e9 renovada.<\/p>\n<p>Com base em verdades b\u00edblicas profundas e reflex\u00f5es sens\u00edveis, + Forte na f\u00e9 mostra como o amor de Deus transforma dores em maturidade, medos em confian\u00e7a e caminhos incertos em trajetos seguros. Mais do que um devocional, \u00e9 um encontro di\u00e1rio com Aquele que a v\u00ea, a ouve e a fortalece.<\/p>\n","protected":false},"excerpt":{"rendered":"<p>Este devocional \u00e9 um convite di\u00e1rio \u00e0 renova\u00e7\u00e3o da alma e \u00e0 redescoberta da for\u00e7a que vem do alto. Escrito&hellip;<\/p>\n","protected":false},"featured_media":339171,"comment_status":"open","ping_status":"closed","template":"","meta":[],"product_cat":[158,134],"product_tag":[],"_links":{"self":[{"href":"https:\/\/www.livrariarema.com.br\/loja\/wp-json\/wp\/v2\/product\/333973"}],"collection":[{"href":"https:\/\/www.livrariarema.com.br\/loja\/wp-json\/wp\/v2\/product"}],"about":[{"href":"https:\/\/www.livrariarema.com.br\/loja\/wp-json\/wp\/v2\/types\/product"}],"replies":[{"embeddable":true,"href":"https:\/\/www.livrariarema.com.br\/loja\/wp-json\/wp\/v2\/comments?post=333973"}],"wp:featuredmedia":[{"embeddable":true,"href":"https:\/\/www.livrariarema.com.br\/loja\/wp-json\/wp\/v2\/media\/339171"}],"wp:attachment":[{"href":"https:\/\/www.livrariarema.com.br\/loja\/wp-json\/wp\/v2\/media?parent=333973"}],"wp:term":[{"taxonomy":"product_cat","embeddable":true,"href":"https:\/\/www.livrariarema.com.br\/loja\/wp-json\/wp\/v2\/product_cat?post=333973"},{"taxonomy":"product_tag","embeddable":true,"href":"https:\/\/www.livrariarema.com.br\/loja\/wp-json\/wp\/v2\/product_tag?post=333973"}],"curies":[{"name":"wp","href":"https:\/\/api.w.org\/{rel}","templated":true}]}}