{"id":333989,"date":"2025-07-18T12:24:32","date_gmt":"2025-07-18T15:24:32","guid":{"rendered":"https:\/\/www.livrariarema.com.br\/loja\/produtos\/sem categoria\/lidere-para-o-futuro-marcos-madaleno\/"},"modified":"2026-03-07T14:06:41","modified_gmt":"2026-03-07T17:06:41","slug":"lidere-para-o-futuro-marcos-madaleno","status":"publish","type":"product","link":"https:\/\/www.livrariarema.com.br\/loja\/produtos\/livros\/lideranca\/lidere-para-o-futuro-marcos-madaleno\/","title":{"rendered":"Lidere Para O Futuro &#8211; Marcos Madaleno"},"content":{"rendered":"<p>O mundo est\u00e1 em transi\u00e7\u00e3o. Gera\u00e7\u00f5es mudam, paradigmas colapsam, institui\u00e7\u00f5es se tornam obsoletas. Diante desse cen\u00e1rio desafiador, l\u00edderes n\u00e3o podem apenas repetir o passado &#8211; precisam ouvir a Deus, inspirar pessoas e preparar o caminho para o que ainda vir\u00e1.<\/p>\n<p>Neste livro, Marcos Madaleno nos conduz por tr\u00eas encontros transformadores: Samuel, o profeta que ouviu a Deus antes de ver o futuro; Josu\u00e9, o l\u00edder que atravessou territ\u00f3rios desconhecidos com coragem e sabedoria; e Jesus, o Mestre que formou adolescentes e jovens comuns para liderar um movimento eterno.<\/p>\n<p>Com linguagem acess\u00edvel, hist\u00f3rias envolventes e provoca\u00e7\u00f5es certeiras, Lidere para o futuro \u00e9 um convite \u00e0 lideran\u00e7a corajosa, intergeracional e sens\u00edvel \u00e0 voz de Deus &#8211; um guia essencial para quem deseja influenciar com prop\u00f3sito e preparar a pr\u00f3xima gera\u00e7\u00e3o para o que est\u00e1 por vir.<\/p>\n","protected":false},"excerpt":{"rendered":"<p>O mundo est\u00e1 em transi\u00e7\u00e3o. Gera\u00e7\u00f5es mudam, paradigmas colapsam, institui\u00e7\u00f5es se tornam obsoletas. Diante desse cen\u00e1rio desafiador, l\u00edderes n\u00e3o podem&hellip;<\/p>\n","protected":false},"featured_media":345930,"comment_status":"open","ping_status":"closed","template":"","meta":[],"product_cat":[153,134],"product_tag":[],"_links":{"self":[{"href":"https:\/\/www.livrariarema.com.br\/loja\/wp-json\/wp\/v2\/product\/333989"}],"collection":[{"href":"https:\/\/www.livrariarema.com.br\/loja\/wp-json\/wp\/v2\/product"}],"about":[{"href":"https:\/\/www.livrariarema.com.br\/loja\/wp-json\/wp\/v2\/types\/product"}],"replies":[{"embeddable":true,"href":"https:\/\/www.livrariarema.com.br\/loja\/wp-json\/wp\/v2\/comments?post=333989"}],"wp:featuredmedia":[{"embeddable":true,"href":"https:\/\/www.livrariarema.com.br\/loja\/wp-json\/wp\/v2\/media\/345930"}],"wp:attachment":[{"href":"https:\/\/www.livrariarema.com.br\/loja\/wp-json\/wp\/v2\/media?parent=333989"}],"wp:term":[{"taxonomy":"product_cat","embeddable":true,"href":"https:\/\/www.livrariarema.com.br\/loja\/wp-json\/wp\/v2\/product_cat?post=333989"},{"taxonomy":"product_tag","embeddable":true,"href":"https:\/\/www.livrariarema.com.br\/loja\/wp-json\/wp\/v2\/product_tag?post=333989"}],"curies":[{"name":"wp","href":"https:\/\/api.w.org\/{rel}","templated":true}]}}