{"id":333995,"date":"2025-07-18T12:25:05","date_gmt":"2025-07-18T15:25:05","guid":{"rendered":"https:\/\/www.livrariarema.com.br\/loja\/produtos\/sem categoria\/biblia-para-criancas-azul\/"},"modified":"2026-04-01T09:41:51","modified_gmt":"2026-04-01T12:41:51","slug":"biblia-para-criancas-azul","status":"publish","type":"product","link":"https:\/\/www.livrariarema.com.br\/loja\/produtos\/livros\/infantil-biblia\/biblia-para-criancas-azul\/","title":{"rendered":"Biblia Para Criancas &#8211; Azul"},"content":{"rendered":"<p>Esta obra, lindamente ilustrada, traz uma sele\u00e7\u00e3o das mais envolventes, inspiradoras e fascinantes hist\u00f3rias da B\u00edblia, desde a cria\u00e7\u00e3o do mundo at\u00e9 as bonitas e cativantes par\u00e1bolas de Jesus e seus ensinamentos eternos.<\/p>\n","protected":false},"excerpt":{"rendered":"<p>Esta obra, lindamente ilustrada, traz uma sele\u00e7\u00e3o das mais envolventes, inspiradoras e fascinantes hist\u00f3rias da B\u00edblia, desde a cria\u00e7\u00e3o do&hellip;<\/p>\n","protected":false},"featured_media":344212,"comment_status":"open","ping_status":"closed","template":"","meta":[],"product_cat":[165,134],"product_tag":[],"_links":{"self":[{"href":"https:\/\/www.livrariarema.com.br\/loja\/wp-json\/wp\/v2\/product\/333995"}],"collection":[{"href":"https:\/\/www.livrariarema.com.br\/loja\/wp-json\/wp\/v2\/product"}],"about":[{"href":"https:\/\/www.livrariarema.com.br\/loja\/wp-json\/wp\/v2\/types\/product"}],"replies":[{"embeddable":true,"href":"https:\/\/www.livrariarema.com.br\/loja\/wp-json\/wp\/v2\/comments?post=333995"}],"wp:featuredmedia":[{"embeddable":true,"href":"https:\/\/www.livrariarema.com.br\/loja\/wp-json\/wp\/v2\/media\/344212"}],"wp:attachment":[{"href":"https:\/\/www.livrariarema.com.br\/loja\/wp-json\/wp\/v2\/media?parent=333995"}],"wp:term":[{"taxonomy":"product_cat","embeddable":true,"href":"https:\/\/www.livrariarema.com.br\/loja\/wp-json\/wp\/v2\/product_cat?post=333995"},{"taxonomy":"product_tag","embeddable":true,"href":"https:\/\/www.livrariarema.com.br\/loja\/wp-json\/wp\/v2\/product_tag?post=333995"}],"curies":[{"name":"wp","href":"https:\/\/api.w.org\/{rel}","templated":true}]}}