{"id":334001,"date":"2025-07-18T12:25:45","date_gmt":"2025-07-18T15:25:45","guid":{"rendered":"https:\/\/www.livrariarema.com.br\/loja\/produtos\/sem categoria\/livro-quebra-cabeca-aventuras-biblicas-a-arca-de-noe\/"},"modified":"2026-01-07T09:20:29","modified_gmt":"2026-01-07T12:20:29","slug":"livro-quebra-cabeca-aventuras-biblicas-a-arca-de-noe","status":"publish","type":"product","link":"https:\/\/www.livrariarema.com.br\/loja\/produtos\/livros\/infantil\/livro-quebra-cabeca-aventuras-biblicas-a-arca-de-noe\/","title":{"rendered":"Livro Quebra-Cabe\u00e7a &#8211; Aventuras Biblicas: A Arca De No\u00e9"},"content":{"rendered":"<p>Com delicadas ilustra\u00e7\u00f5es e texto adequado ao universo infantil, esta cole\u00e7\u00e3o apresenta hist\u00f3rias b\u00edblicas para aprender e montar. Abra seu livro e divirta-se com coloridos quebra-cabe\u00e7as!<\/p>\n","protected":false},"excerpt":{"rendered":"<p>Com delicadas ilustra\u00e7\u00f5es e texto adequado ao universo infantil, esta cole\u00e7\u00e3o apresenta hist\u00f3rias b\u00edblicas para aprender e montar. Abra seu&hellip;<\/p>\n","protected":false},"featured_media":0,"comment_status":"open","ping_status":"closed","template":"","meta":[],"product_cat":[144,134],"product_tag":[],"_links":{"self":[{"href":"https:\/\/www.livrariarema.com.br\/loja\/wp-json\/wp\/v2\/product\/334001"}],"collection":[{"href":"https:\/\/www.livrariarema.com.br\/loja\/wp-json\/wp\/v2\/product"}],"about":[{"href":"https:\/\/www.livrariarema.com.br\/loja\/wp-json\/wp\/v2\/types\/product"}],"replies":[{"embeddable":true,"href":"https:\/\/www.livrariarema.com.br\/loja\/wp-json\/wp\/v2\/comments?post=334001"}],"wp:attachment":[{"href":"https:\/\/www.livrariarema.com.br\/loja\/wp-json\/wp\/v2\/media?parent=334001"}],"wp:term":[{"taxonomy":"product_cat","embeddable":true,"href":"https:\/\/www.livrariarema.com.br\/loja\/wp-json\/wp\/v2\/product_cat?post=334001"},{"taxonomy":"product_tag","embeddable":true,"href":"https:\/\/www.livrariarema.com.br\/loja\/wp-json\/wp\/v2\/product_tag?post=334001"}],"curies":[{"name":"wp","href":"https:\/\/api.w.org\/{rel}","templated":true}]}}