{"id":334021,"date":"2025-07-18T12:27:07","date_gmt":"2025-07-18T15:27:07","guid":{"rendered":"https:\/\/www.livrariarema.com.br\/loja\/produtos\/sem categoria\/quebra-cabeca-deslizante-a-arca-de-noe\/"},"modified":"2025-07-18T12:27:07","modified_gmt":"2025-07-18T15:27:07","slug":"quebra-cabeca-deslizante-a-arca-de-noe","status":"publish","type":"product","link":"https:\/\/www.livrariarema.com.br\/loja\/produtos\/livros\/infantil\/quebra-cabeca-deslizante-a-arca-de-noe\/","title":{"rendered":"Quebra-Cabeca Deslizante: A Arca De No\u00e9"},"content":{"rendered":"<p>Voc\u00ea vai se encantar com este livro repleto de atividades envolventes, al\u00e9m de se divertir com o quebra-cabe\u00e7a deslizante que o acompanha. Os quebra-cabe\u00e7as deslizantes \u00e9 uma excelente maneira de manter a crian\u00e7a entretida, ao mesmo tempo em que desenvolve as habilidades cognitivas e a capacidade de concentra\u00e7\u00e3o. Ele tamb\u00e9m podem ser uma \u00f3tima op\u00e7\u00e3o para passar o tempo em fam\u00edlia, trabalhando juntos para resolver o quebra-cabe\u00e7a desafiador.<\/p>\n","protected":false},"excerpt":{"rendered":"<p>Voc\u00ea vai se encantar com este livro repleto de atividades envolventes, al\u00e9m de se divertir com o quebra-cabe\u00e7a deslizante que&hellip;<\/p>\n","protected":false},"featured_media":334020,"comment_status":"open","ping_status":"closed","template":"","meta":[],"product_cat":[144,134],"product_tag":[],"_links":{"self":[{"href":"https:\/\/www.livrariarema.com.br\/loja\/wp-json\/wp\/v2\/product\/334021"}],"collection":[{"href":"https:\/\/www.livrariarema.com.br\/loja\/wp-json\/wp\/v2\/product"}],"about":[{"href":"https:\/\/www.livrariarema.com.br\/loja\/wp-json\/wp\/v2\/types\/product"}],"replies":[{"embeddable":true,"href":"https:\/\/www.livrariarema.com.br\/loja\/wp-json\/wp\/v2\/comments?post=334021"}],"wp:featuredmedia":[{"embeddable":true,"href":"https:\/\/www.livrariarema.com.br\/loja\/wp-json\/wp\/v2\/media\/334020"}],"wp:attachment":[{"href":"https:\/\/www.livrariarema.com.br\/loja\/wp-json\/wp\/v2\/media?parent=334021"}],"wp:term":[{"taxonomy":"product_cat","embeddable":true,"href":"https:\/\/www.livrariarema.com.br\/loja\/wp-json\/wp\/v2\/product_cat?post=334021"},{"taxonomy":"product_tag","embeddable":true,"href":"https:\/\/www.livrariarema.com.br\/loja\/wp-json\/wp\/v2\/product_tag?post=334021"}],"curies":[{"name":"wp","href":"https:\/\/api.w.org\/{rel}","templated":true}]}}