{"id":334031,"date":"2025-07-18T12:27:49","date_gmt":"2025-07-18T15:27:49","guid":{"rendered":"https:\/\/www.livrariarema.com.br\/loja\/produtos\/sem categoria\/conhecer-e-viver-biblicos-pop-ups-cruzando-o-mar-vermelho\/"},"modified":"2025-12-17T16:00:59","modified_gmt":"2025-12-17T19:00:59","slug":"conhecer-e-viver-biblicos-pop-ups-cruzando-o-mar-vermelho","status":"publish","type":"product","link":"https:\/\/www.livrariarema.com.br\/loja\/produtos\/livros\/infantil\/conhecer-e-viver-biblicos-pop-ups-cruzando-o-mar-vermelho\/","title":{"rendered":"Conhecer \u00c9 Viver! B\u00edblicos Pop-Ups: Cruzando O Mar Vermelho"},"content":{"rendered":"<p>Torne a hora da leitura di\u00e1ria da crian\u00e7a mais animada com as ilustra\u00e7\u00f5es pop-up alegres e coloridas em cada p\u00e1gina deste livro! Voc\u00eas se encantar\u00e3o a cada minuto enquanto a B\u00edblia se revela diante de seus olhos.<\/p>\n","protected":false},"excerpt":{"rendered":"<p>Torne a hora da leitura di\u00e1ria da crian\u00e7a mais animada com as ilustra\u00e7\u00f5es pop-up alegres e coloridas em cada p\u00e1gina&hellip;<\/p>\n","protected":false},"featured_media":334030,"comment_status":"open","ping_status":"closed","template":"","meta":[],"product_cat":[144,134],"product_tag":[],"_links":{"self":[{"href":"https:\/\/www.livrariarema.com.br\/loja\/wp-json\/wp\/v2\/product\/334031"}],"collection":[{"href":"https:\/\/www.livrariarema.com.br\/loja\/wp-json\/wp\/v2\/product"}],"about":[{"href":"https:\/\/www.livrariarema.com.br\/loja\/wp-json\/wp\/v2\/types\/product"}],"replies":[{"embeddable":true,"href":"https:\/\/www.livrariarema.com.br\/loja\/wp-json\/wp\/v2\/comments?post=334031"}],"wp:featuredmedia":[{"embeddable":true,"href":"https:\/\/www.livrariarema.com.br\/loja\/wp-json\/wp\/v2\/media\/334030"}],"wp:attachment":[{"href":"https:\/\/www.livrariarema.com.br\/loja\/wp-json\/wp\/v2\/media?parent=334031"}],"wp:term":[{"taxonomy":"product_cat","embeddable":true,"href":"https:\/\/www.livrariarema.com.br\/loja\/wp-json\/wp\/v2\/product_cat?post=334031"},{"taxonomy":"product_tag","embeddable":true,"href":"https:\/\/www.livrariarema.com.br\/loja\/wp-json\/wp\/v2\/product_tag?post=334031"}],"curies":[{"name":"wp","href":"https:\/\/api.w.org\/{rel}","templated":true}]}}