{"id":334035,"date":"2025-07-18T12:28:09","date_gmt":"2025-07-18T15:28:09","guid":{"rendered":"https:\/\/www.livrariarema.com.br\/loja\/produtos\/sem categoria\/conhecer-e-viver-biblicos-pop-ups-josue-e-a-muralha\/"},"modified":"2026-02-11T14:38:18","modified_gmt":"2026-02-11T17:38:18","slug":"conhecer-e-viver-biblicos-pop-ups-josue-e-a-muralha","status":"publish","type":"product","link":"https:\/\/www.livrariarema.com.br\/loja\/produtos\/livros\/infantil\/conhecer-e-viver-biblicos-pop-ups-josue-e-a-muralha\/","title":{"rendered":"Conhecer \u00c9 Viver! B\u00edblicos Pop-Ups: Josu\u00e9 E A Muralha"},"content":{"rendered":"<p>Torne a hora da leitura di\u00e1ria da crian\u00e7a mais animada com as ilustra\u00e7\u00f5es pop-up alegres e coloridas em cada p\u00e1gina deste livro! Voc\u00eas se encantar\u00e3o a cada minuto enquanto a B\u00edblia se revela diante de seus olhos.<\/p>\n","protected":false},"excerpt":{"rendered":"<p>Torne a hora da leitura di\u00e1ria da crian\u00e7a mais animada com as ilustra\u00e7\u00f5es pop-up alegres e coloridas em cada p\u00e1gina&hellip;<\/p>\n","protected":false},"featured_media":344558,"comment_status":"open","ping_status":"closed","template":"","meta":[],"product_cat":[144,134],"product_tag":[],"_links":{"self":[{"href":"https:\/\/www.livrariarema.com.br\/loja\/wp-json\/wp\/v2\/product\/334035"}],"collection":[{"href":"https:\/\/www.livrariarema.com.br\/loja\/wp-json\/wp\/v2\/product"}],"about":[{"href":"https:\/\/www.livrariarema.com.br\/loja\/wp-json\/wp\/v2\/types\/product"}],"replies":[{"embeddable":true,"href":"https:\/\/www.livrariarema.com.br\/loja\/wp-json\/wp\/v2\/comments?post=334035"}],"wp:featuredmedia":[{"embeddable":true,"href":"https:\/\/www.livrariarema.com.br\/loja\/wp-json\/wp\/v2\/media\/344558"}],"wp:attachment":[{"href":"https:\/\/www.livrariarema.com.br\/loja\/wp-json\/wp\/v2\/media?parent=334035"}],"wp:term":[{"taxonomy":"product_cat","embeddable":true,"href":"https:\/\/www.livrariarema.com.br\/loja\/wp-json\/wp\/v2\/product_cat?post=334035"},{"taxonomy":"product_tag","embeddable":true,"href":"https:\/\/www.livrariarema.com.br\/loja\/wp-json\/wp\/v2\/product_tag?post=334035"}],"curies":[{"name":"wp","href":"https:\/\/api.w.org\/{rel}","templated":true}]}}