{"id":334067,"date":"2025-07-22T13:50:03","date_gmt":"2025-07-22T16:50:03","guid":{"rendered":"https:\/\/www.livrariarema.com.br\/loja\/produtos\/sem%20categoria\/sublime-amor-entre-universos-heloisa-karin-e-gerson-nascimento\/"},"modified":"2025-08-14T11:20:59","modified_gmt":"2025-08-14T14:20:59","slug":"sublime-amor-entre-universos-heloisa-karin-e-gerson-nascimento","status":"publish","type":"product","link":"https:\/\/www.livrariarema.com.br\/loja\/produtos\/livros\/ficcao\/sublime-amor-entre-universos-heloisa-karin-e-gerson-nascimento\/","title":{"rendered":"Sublime Amor Entre Universos &#8211; Heloisa Karin E Gerson Nascimento"},"content":{"rendered":"<p>E se o &#8220;felizes para sempre&#8221; precisasse ser conquistado. em todos os universos?<\/p>\n<p>Milena e Samuel s\u00e3o l\u00edderes de minist\u00e9rio, parceiros de RPG e um casal \u00e0 beira do colapso conjugal. Entre o cansa\u00e7o do dia a dia, as tarefas acumuladas e as discuss\u00f5es intermin\u00e1veis, a ideia do div\u00f3rcio se torna cada vez mais atraente.<br \/>\nAt\u00e9 que Samuel acorda em outro mundo, encarregado da indesejada miss\u00e3o de localizar e conquistar Milena neste novo lugar &#8211; e em muitos outros: de novo, e de novo, e de novo.<br \/>\nGuiado pelo onipresente Casamenteiro, Samuel vai atravessar universos improv\u00e1veis e encontrar vers\u00f5es de Milena &#8211; e de si mesmo &#8211; que parecem sa\u00eddas de videogames, livros de fantasia, dramas \u00e9picos e com\u00e9dias rom\u00e2nticas.<br \/>\nNessa jornada, ele ter\u00e1 que aprender com seus pr\u00f3prios erros e descobrir, de uma vez por todas, o que significa amar de verdade &#8211; mesmo quando isso exige paci\u00eancia, sacrif\u00edcio e at\u00e9 mesmo enfrentar raposas m\u00e1gicas que, aparentemente, s\u00e3o contra finais felizes.<\/p>\n","protected":false},"excerpt":{"rendered":"<p>E se o &#8220;felizes para sempre&#8221; precisasse ser conquistado. em todos os universos? Milena e Samuel s\u00e3o l\u00edderes de minist\u00e9rio,&hellip;<\/p>\n","protected":false},"featured_media":335373,"comment_status":"open","ping_status":"closed","template":"","meta":[],"product_cat":[162,134],"product_tag":[],"_links":{"self":[{"href":"https:\/\/www.livrariarema.com.br\/loja\/wp-json\/wp\/v2\/product\/334067"}],"collection":[{"href":"https:\/\/www.livrariarema.com.br\/loja\/wp-json\/wp\/v2\/product"}],"about":[{"href":"https:\/\/www.livrariarema.com.br\/loja\/wp-json\/wp\/v2\/types\/product"}],"replies":[{"embeddable":true,"href":"https:\/\/www.livrariarema.com.br\/loja\/wp-json\/wp\/v2\/comments?post=334067"}],"wp:featuredmedia":[{"embeddable":true,"href":"https:\/\/www.livrariarema.com.br\/loja\/wp-json\/wp\/v2\/media\/335373"}],"wp:attachment":[{"href":"https:\/\/www.livrariarema.com.br\/loja\/wp-json\/wp\/v2\/media?parent=334067"}],"wp:term":[{"taxonomy":"product_cat","embeddable":true,"href":"https:\/\/www.livrariarema.com.br\/loja\/wp-json\/wp\/v2\/product_cat?post=334067"},{"taxonomy":"product_tag","embeddable":true,"href":"https:\/\/www.livrariarema.com.br\/loja\/wp-json\/wp\/v2\/product_tag?post=334067"}],"curies":[{"name":"wp","href":"https:\/\/api.w.org\/{rel}","templated":true}]}}