{"id":334072,"date":"2025-07-23T14:12:18","date_gmt":"2025-07-23T17:12:18","guid":{"rendered":"https:\/\/www.livrariarema.com.br\/loja\/produtos\/sem%20categoria\/apocalipse-para-discipulos-dissidentes-scot-mcknight-cody-matchett\/"},"modified":"2025-11-27T11:03:22","modified_gmt":"2025-11-27T14:03:22","slug":"apocalipse-para-discipulos-dissidentes-scot-mcknight-cody-matchett","status":"publish","type":"product","link":"https:\/\/www.livrariarema.com.br\/loja\/produtos\/livros\/igreja\/apocalipse-para-discipulos-dissidentes-scot-mcknight-cody-matchett\/","title":{"rendered":"Apocalipse Para Disc\u00edpulos Dissidentes &#8211; Scot Mcknight, Cody Matchett"},"content":{"rendered":"<p>DESCUBRA COMO O LIVRO DE APOCALIPSE PODE SER LIDO COMO UM LIVRO DE DISCIPULADO.<Br><br \/>\nO \u00faltimo livro da B\u00edblia frustra e assusta muitas pessoas com suas imagens e linguagem. Interpreta\u00e7\u00f5es populares instigam a politiza\u00e7\u00e3o e o medo, frequentemente levando os crist\u00e3os ao orgulho e aliena\u00e7\u00e3o. Ser\u00e1 que essa \u00e9 a maneira certa de ler o Apocalipse de Jo\u00e3o?<Br><br \/>\nEm Apocalipse para disc\u00edpulos dissidentes, Scot McKnight &#8211; com o apoio de Cody Matchett &#8211; explora a mensagem central de Apocalipse e mostra como Jo\u00e3o:<br \/>\nNos chama a ser testemunhas fi\u00e9is e esperan\u00e7osas de Jesus.<Br><br \/>\nEstimula nossa imagina\u00e7\u00e3o para enxergarmos o mundo pelos olhos de Deus e exercitar nossa f\u00e9.<Br><br \/>\nNos desafia a nos opor ao militarismo, \u00e0 explora\u00e7\u00e3o econ\u00f4mica, \u00e0 press\u00e3o e \u00e0 injusti\u00e7a das autoridades mundanas.<Br><br \/>\n<Br><br \/>\nMcKnight aborda os equ\u00edvocos populares sobre o livro, explicando o que Jo\u00e3o quer dizer com o uso das imagens de drag\u00f5es, cordeiros e bestas; de que forma o simbolismo de Apocalipse falou nos dias de Roma e como ainda fala de forma poderosa nos dias de hoje &#8211; embora n\u00e3o da maneira como a maioria das pessoas imagina.<Br><br \/>\nEste livro fortalecer\u00e1 sua f\u00e9 como disc\u00edpulo dissidente, capaz de discernir a presen\u00e7a da &#8220;Babil\u00f4nia&#8221; em nosso mundo e de se manifestar, se expressar e caminhar no caminho do Cordeiro.<Br><\/p>\n","protected":false},"excerpt":{"rendered":"<p>DESCUBRA COMO O LIVRO DE APOCALIPSE PODE SER LIDO COMO UM LIVRO DE DISCIPULADO. O \u00faltimo livro da B\u00edblia frustra&hellip;<\/p>\n","protected":false},"featured_media":341543,"comment_status":"open","ping_status":"closed","template":"","meta":[],"product_cat":[197,134],"product_tag":[],"_links":{"self":[{"href":"https:\/\/www.livrariarema.com.br\/loja\/wp-json\/wp\/v2\/product\/334072"}],"collection":[{"href":"https:\/\/www.livrariarema.com.br\/loja\/wp-json\/wp\/v2\/product"}],"about":[{"href":"https:\/\/www.livrariarema.com.br\/loja\/wp-json\/wp\/v2\/types\/product"}],"replies":[{"embeddable":true,"href":"https:\/\/www.livrariarema.com.br\/loja\/wp-json\/wp\/v2\/comments?post=334072"}],"wp:featuredmedia":[{"embeddable":true,"href":"https:\/\/www.livrariarema.com.br\/loja\/wp-json\/wp\/v2\/media\/341543"}],"wp:attachment":[{"href":"https:\/\/www.livrariarema.com.br\/loja\/wp-json\/wp\/v2\/media?parent=334072"}],"wp:term":[{"taxonomy":"product_cat","embeddable":true,"href":"https:\/\/www.livrariarema.com.br\/loja\/wp-json\/wp\/v2\/product_cat?post=334072"},{"taxonomy":"product_tag","embeddable":true,"href":"https:\/\/www.livrariarema.com.br\/loja\/wp-json\/wp\/v2\/product_tag?post=334072"}],"curies":[{"name":"wp","href":"https:\/\/api.w.org\/{rel}","templated":true}]}}