{"id":334082,"date":"2025-07-23T14:12:51","date_gmt":"2025-07-23T17:12:51","guid":{"rendered":"https:\/\/www.livrariarema.com.br\/loja\/produtos\/sem categoria\/biblia-nvi-aventura-para-criancas-capa-dura-com-fechamento-em-ima-leao\/"},"modified":"2026-03-28T10:10:55","modified_gmt":"2026-03-28T13:10:55","slug":"biblia-nvi-aventura-para-criancas-capa-dura-com-fechamento-em-ima-leao","status":"publish","type":"product","link":"https:\/\/www.livrariarema.com.br\/loja\/produtos\/biblias\/juvenil-biblias\/biblia-nvi-aventura-para-criancas-capa-dura-com-fechamento-em-ima-leao\/","title":{"rendered":"B\u00edblia &#8211; Nvi &#8211; Aventura Para Crian\u00e7as &#8211; Capa Dura Com Fechamento Em \u00cdm\u00e3 &#8211; Le\u00e3o"},"content":{"rendered":"<p>Quer participar de uma divertida AVENTURA?<br \/>\nA B\u00edblia Aventura vai guiar voc\u00ea em uma jornada divertida e emocionante pela Palavra de Deus. Nessa viagem, voc\u00ea vai conhecer mais a fundo muitos personagens, descobrir v\u00e1rios lugares novos e ter acesso a todo tipo de informa\u00e7\u00e3o interessante e \u00fatil sobre a B\u00edblia. E o mais importante: vai ficar mais pertinho de Deus! Aqui vai um r\u00e1pido tour do que voc\u00ea vai encontrar:<br \/>\nA vida nos tempos da B\u00edblia: Artigos e ilustra\u00e7\u00f5es que mostram como era viver nos tempos antigos.<br \/>\nExperimente!: Atividades para viver as verdades da B\u00edblia na pr\u00e1tica.<br \/>\nPalavras para memorizar: Vers\u00edculos bem importantes para decorar.<br \/>\nPessoas nos tempos da B\u00edblia: Artigos que nos permitem conhecer melhor alguns personagens incr\u00edveis da B\u00edblia.<br \/>\nVoc\u00ea sabia?: Fatos interessantes para te ajudar a entender a Palavra de Deus.<br \/>\nDiagrama\u00e7\u00e3o divertida com texto colorido<br \/>\nNova Vers\u00e3o Internacional (NVI) &#8211; um texto claro e preciso, que ajuda qualquer leitor a acompanhar a B\u00edblia com facilidade e divers\u00e3o<br \/>\n20 encartes coloridos com grandes ensinamentos da B\u00edblia<br \/>\n8 mapas coloridos do mundo b\u00edblico<br \/>\nIntrodu\u00e7\u00f5es aos livros da B\u00edblia<br \/>\nConcord\u00e2ncia\/dicion\u00e1rio que traz os termos mais importantes da Palavra de Deus para voc\u00ea estudar e conseguir achar bem f\u00e1cil no texto da B\u00edblia<\/p>\n","protected":false},"excerpt":{"rendered":"<p>Quer participar de uma divertida AVENTURA? A B\u00edblia Aventura vai guiar voc\u00ea em uma jornada divertida e emocionante pela Palavra&hellip;<\/p>\n","protected":false},"featured_media":345753,"comment_status":"open","ping_status":"closed","template":"","meta":[],"product_cat":[139,192],"product_tag":[],"_links":{"self":[{"href":"https:\/\/www.livrariarema.com.br\/loja\/wp-json\/wp\/v2\/product\/334082"}],"collection":[{"href":"https:\/\/www.livrariarema.com.br\/loja\/wp-json\/wp\/v2\/product"}],"about":[{"href":"https:\/\/www.livrariarema.com.br\/loja\/wp-json\/wp\/v2\/types\/product"}],"replies":[{"embeddable":true,"href":"https:\/\/www.livrariarema.com.br\/loja\/wp-json\/wp\/v2\/comments?post=334082"}],"wp:featuredmedia":[{"embeddable":true,"href":"https:\/\/www.livrariarema.com.br\/loja\/wp-json\/wp\/v2\/media\/345753"}],"wp:attachment":[{"href":"https:\/\/www.livrariarema.com.br\/loja\/wp-json\/wp\/v2\/media?parent=334082"}],"wp:term":[{"taxonomy":"product_cat","embeddable":true,"href":"https:\/\/www.livrariarema.com.br\/loja\/wp-json\/wp\/v2\/product_cat?post=334082"},{"taxonomy":"product_tag","embeddable":true,"href":"https:\/\/www.livrariarema.com.br\/loja\/wp-json\/wp\/v2\/product_tag?post=334082"}],"curies":[{"name":"wp","href":"https:\/\/api.w.org\/{rel}","templated":true}]}}