{"id":334084,"date":"2025-07-23T14:12:57","date_gmt":"2025-07-23T17:12:57","guid":{"rendered":"https:\/\/www.livrariarema.com.br\/loja\/produtos\/sem categoria\/biblia-acf-slim-couro-soft-sobre-capa-dura-lavanda-jardim\/"},"modified":"2026-03-25T14:24:21","modified_gmt":"2026-03-25T17:24:21","slug":"biblia-acf-slim-couro-soft-sobre-capa-dura-lavanda-jardim","status":"publish","type":"product","link":"https:\/\/www.livrariarema.com.br\/loja\/produtos\/biblias\/nvi\/biblia-acf-slim-couro-soft-sobre-capa-dura-lavanda-jardim\/","title":{"rendered":"B\u00edblia &#8211; Acf &#8211; Slim &#8211; Couro-Soft Sobre Capa Dura &#8211; Lavanda Jardim"},"content":{"rendered":"<p>Sobriedade e tradi\u00e7\u00e3o com acabamento de luxo.<\/p>\n<p>A B\u00edblia Sagrada Slim ACF Luxo \u00e9 para aqueles que preferem uma linguagem mais tradicional ao ler a Palavra, sem abrir m\u00e3o do conforto e da praticidade de uma B\u00edblia mais compacta. Nesta tradu\u00e7\u00e3o mais formal, cada texto \u00e9 uma lembran\u00e7a: as caixinhas de vers\u00edculos da casa dos nossos av\u00f3s, a b\u00edblia que nossos pais usavam durante nossa inf\u00e2ncia e tantas outras mem\u00f3rias boas!<\/p>\n<p>A capa dura revestida em Couro-soft (PU) e os detalhes em baixo relevo trazem beleza e sobriedade ao estilo dessa b\u00edblia, al\u00e9m do toque aveludado conferindo leveza ao manuseio. As folhas de guarda nas contracapas trazem uma padronagem sofisticada que proporcionam um lindo arremate.<\/p>\n<p>Foram usados os melhores avan\u00e7os em tipografia para desenvolver a Fonte Leitura Perfeita, que \u00e9 exclusiva da Thomas Nelson e reflete o rico legado de um texto fiel aos originais, autoritativo e embasado nos manuscritos mais confi\u00e1veis.<\/p>\n","protected":false},"excerpt":{"rendered":"<p>Sobriedade e tradi\u00e7\u00e3o com acabamento de luxo. A B\u00edblia Sagrada Slim ACF Luxo \u00e9 para aqueles que preferem uma linguagem&hellip;<\/p>\n","protected":false},"featured_media":334543,"comment_status":"open","ping_status":"closed","template":"","meta":[],"product_cat":[139,166],"product_tag":[],"_links":{"self":[{"href":"https:\/\/www.livrariarema.com.br\/loja\/wp-json\/wp\/v2\/product\/334084"}],"collection":[{"href":"https:\/\/www.livrariarema.com.br\/loja\/wp-json\/wp\/v2\/product"}],"about":[{"href":"https:\/\/www.livrariarema.com.br\/loja\/wp-json\/wp\/v2\/types\/product"}],"replies":[{"embeddable":true,"href":"https:\/\/www.livrariarema.com.br\/loja\/wp-json\/wp\/v2\/comments?post=334084"}],"wp:featuredmedia":[{"embeddable":true,"href":"https:\/\/www.livrariarema.com.br\/loja\/wp-json\/wp\/v2\/media\/334543"}],"wp:attachment":[{"href":"https:\/\/www.livrariarema.com.br\/loja\/wp-json\/wp\/v2\/media?parent=334084"}],"wp:term":[{"taxonomy":"product_cat","embeddable":true,"href":"https:\/\/www.livrariarema.com.br\/loja\/wp-json\/wp\/v2\/product_cat?post=334084"},{"taxonomy":"product_tag","embeddable":true,"href":"https:\/\/www.livrariarema.com.br\/loja\/wp-json\/wp\/v2\/product_tag?post=334084"}],"curies":[{"name":"wp","href":"https:\/\/api.w.org\/{rel}","templated":true}]}}