{"id":334086,"date":"2025-07-23T14:13:02","date_gmt":"2025-07-23T17:13:02","guid":{"rendered":"https:\/\/www.livrariarema.com.br\/loja\/produtos\/sem%20categoria\/tesouro-peculiar-spin-off-da-serie-cris-robin-jones-gunn\/"},"modified":"2026-03-31T17:22:00","modified_gmt":"2026-03-31T20:22:00","slug":"tesouro-peculiar-spin-off-da-serie-cris-robin-jones-gunn","status":"publish","type":"product","link":"https:\/\/www.livrariarema.com.br\/loja\/produtos\/livros\/ficcao\/tesouro-peculiar-spin-off-da-serie-cris-robin-jones-gunn\/","title":{"rendered":"Tesouro Peculiar &#8211; Spin-Off Da S\u00e9rie Cris &#8211; Robin Jones Gunn"},"content":{"rendered":"<p>Ela pegou o buqu\u00ea no casamento de sua melhor amiga. Mas ser\u00e1 que est\u00e1 pronta para o amor e os outros desafios da vida adulta?<\/p>\n<p>Katie Weldon sempre foi vibrante, impulsiva e sincera. O tipo de pessoa que mergulha de cara nas situa\u00e7\u00f5es &#8211; mesmo sem entender completamente onde est\u00e1 se metendo. Mas, agora que a vida adulta come\u00e7ou a bater \u00e0 porta, parece dif\u00edcil manter a espontaneidade e ainda tomar boas decis\u00f5es.<\/p>\n<p>Rick, seu &#8220;quase-namorado&#8221; h\u00e1 meses, continua evitando r\u00f3tulos e demonstra\u00e7\u00f5es claras de afeto. E, para piorar, ela ainda n\u00e3o est\u00e1 convencida de que escolheu o curso certo na gradua\u00e7\u00e3o. De novo. Enquanto isso, suas amigas parecem ter a vida toda resolvida, o que faz Katie se perguntar se est\u00e1 ficando para tr\u00e1s.<\/p>\n<p>Insegura quanto ao futuro, ela precisa tomar decis\u00f5es que podem mudar tudo. E, \u00e0 medida que suas ora\u00e7\u00f5es soam cada vez mais como desabafos, ela tenta n\u00e3o perder a f\u00e9 nem o senso de humor.<\/p>\n<p>Tesouro Peculiar \u00e9 o primeiro volume da s\u00e9rie Katie, um reencontro caloroso com o universo da s\u00e9rie Cris, agora centrado na jornada de amadurecimento de uma de suas personagens mais aut\u00eanticas e cativantes.<\/p>\n<p>&#8220;Sempre soube que Katie merecia seu pr\u00f3prio livro. Agora \u00e9 a vez dela.&#8221; &#8211; CRIS MILLER<\/p>\n","protected":false},"excerpt":{"rendered":"<p>Ela pegou o buqu\u00ea no casamento de sua melhor amiga. Mas ser\u00e1 que est\u00e1 pronta para o amor e os&hellip;<\/p>\n","protected":false},"featured_media":343333,"comment_status":"open","ping_status":"closed","template":"","meta":[],"product_cat":[162,134],"product_tag":[],"_links":{"self":[{"href":"https:\/\/www.livrariarema.com.br\/loja\/wp-json\/wp\/v2\/product\/334086"}],"collection":[{"href":"https:\/\/www.livrariarema.com.br\/loja\/wp-json\/wp\/v2\/product"}],"about":[{"href":"https:\/\/www.livrariarema.com.br\/loja\/wp-json\/wp\/v2\/types\/product"}],"replies":[{"embeddable":true,"href":"https:\/\/www.livrariarema.com.br\/loja\/wp-json\/wp\/v2\/comments?post=334086"}],"wp:featuredmedia":[{"embeddable":true,"href":"https:\/\/www.livrariarema.com.br\/loja\/wp-json\/wp\/v2\/media\/343333"}],"wp:attachment":[{"href":"https:\/\/www.livrariarema.com.br\/loja\/wp-json\/wp\/v2\/media?parent=334086"}],"wp:term":[{"taxonomy":"product_cat","embeddable":true,"href":"https:\/\/www.livrariarema.com.br\/loja\/wp-json\/wp\/v2\/product_cat?post=334086"},{"taxonomy":"product_tag","embeddable":true,"href":"https:\/\/www.livrariarema.com.br\/loja\/wp-json\/wp\/v2\/product_tag?post=334086"}],"curies":[{"name":"wp","href":"https:\/\/api.w.org\/{rel}","templated":true}]}}