{"id":334089,"date":"2025-07-23T14:13:17","date_gmt":"2025-07-23T17:13:17","guid":{"rendered":"https:\/\/www.livrariarema.com.br\/loja\/produtos\/sem%20categoria\/indescritivel-100-devocionais-louie-giglio-capa-dura-2\/"},"modified":"2026-04-01T14:31:57","modified_gmt":"2026-04-01T17:31:57","slug":"indescritivel-100-devocionais-louie-giglio-capa-dura-2","status":"publish","type":"product","link":"https:\/\/www.livrariarema.com.br\/loja\/produtos\/livros\/devocional\/indescritivel-100-devocionais-louie-giglio-capa-dura-2\/","title":{"rendered":"Indescrit\u00edvel &#8211; 100 Devocionais &#8211; Louie Giglio (Capa Dura)"},"content":{"rendered":"<p>Descubra as maravilhas do universo com o criador<\/p>\n<p>\u00c9 imposs\u00edvel superar a imagina\u00e7\u00e3o de Deus. Ele orquestra o tempo, cria a luz e chama todas as coisas \u00e0 exist\u00eancia desde os maiores astros at\u00e9 a menor estrela-do-mar. Deus \u00e9 um Criador poderoso, intencional, pessoal e inigual\u00e1vel. O Salmo 19:1 diz: &#8220;Os c\u00e9us declaram a gl\u00f3ria de Deus; o firmamento proclama a obra das suas m\u00e3os&#8221;.<\/p>\n<p>Indescrit\u00edvel mostra a majestade da cria\u00e7\u00e3o com descobertas cient\u00edficas, fotografias e ilustra\u00e7\u00f5es originais. Esses 100 devocionais incentivam a admira\u00e7\u00e3o pela criatividade de Deus com uma an\u00e1lise profunda sobre:<br \/>\n&#8211; Espa\u00e7o, gal\u00e1xias, planetas e estrelas;<br \/>\n&#8211; Terra, geologia, oceanos e clima;<br \/>\n&#8211; Animais, de pombas a dinossauros;<br \/>\n&#8211; Nossa mente, corpo e imagina\u00e7\u00e3o.<\/p>\n<p>Cada devocional apresenta uma se\u00e7\u00e3o &#8220;Surpreendente&#8221; com fatos fascinantes, atividades pr\u00e1ticas, e uma ora\u00e7\u00e3o final. Baseado nas populares mensagens de Louie Giglio, Indescrit\u00edvel: 100 devocionais sobre Deus e ci\u00eancia ajudar\u00e1 as crian\u00e7as a descobrir a incr\u00edvel cria\u00e7\u00e3o de nosso Deus inexplic\u00e1vel.<\/p>\n","protected":false},"excerpt":{"rendered":"<p>Descubra as maravilhas do universo com o criador \u00c9 imposs\u00edvel superar a imagina\u00e7\u00e3o de Deus. Ele orquestra o tempo, cria&hellip;<\/p>\n","protected":false},"featured_media":343334,"comment_status":"open","ping_status":"closed","template":"","meta":[],"product_cat":[158,134],"product_tag":[],"_links":{"self":[{"href":"https:\/\/www.livrariarema.com.br\/loja\/wp-json\/wp\/v2\/product\/334089"}],"collection":[{"href":"https:\/\/www.livrariarema.com.br\/loja\/wp-json\/wp\/v2\/product"}],"about":[{"href":"https:\/\/www.livrariarema.com.br\/loja\/wp-json\/wp\/v2\/types\/product"}],"replies":[{"embeddable":true,"href":"https:\/\/www.livrariarema.com.br\/loja\/wp-json\/wp\/v2\/comments?post=334089"}],"wp:featuredmedia":[{"embeddable":true,"href":"https:\/\/www.livrariarema.com.br\/loja\/wp-json\/wp\/v2\/media\/343334"}],"wp:attachment":[{"href":"https:\/\/www.livrariarema.com.br\/loja\/wp-json\/wp\/v2\/media?parent=334089"}],"wp:term":[{"taxonomy":"product_cat","embeddable":true,"href":"https:\/\/www.livrariarema.com.br\/loja\/wp-json\/wp\/v2\/product_cat?post=334089"},{"taxonomy":"product_tag","embeddable":true,"href":"https:\/\/www.livrariarema.com.br\/loja\/wp-json\/wp\/v2\/product_tag?post=334089"}],"curies":[{"name":"wp","href":"https:\/\/api.w.org\/{rel}","templated":true}]}}