{"id":334093,"date":"2025-07-23T14:13:33","date_gmt":"2025-07-23T17:13:33","guid":{"rendered":"https:\/\/www.livrariarema.com.br\/loja\/produtos\/sem%20categoria\/no-altar-um-devocional-pratico-de-63-dias-para-atingir-a-plenitude-de-seu-corpo-mente-e-espirito\/"},"modified":"2026-03-12T17:21:34","modified_gmt":"2026-03-12T20:21:34","slug":"no-altar-um-devocional-pratico-de-63-dias-para-atingir-a-plenitude-de-seu-corpo-mente-e-espirito","status":"publish","type":"product","link":"https:\/\/www.livrariarema.com.br\/loja\/produtos\/livros\/devocional\/no-altar-um-devocional-pratico-de-63-dias-para-atingir-a-plenitude-de-seu-corpo-mente-e-espirito\/","title":{"rendered":"No Altar &#8211; Um Devocional Pr\u00e1tico De 63 Dias Para Atingir A Plenitude De Seu Corpo, Mente E Esp\u00edrito"},"content":{"rendered":"<p>ENCONTRE SUA MELHOR VERS\u00c3O NO ALTAR!<\/p>\n<p>Este livro n\u00e3o \u00e9 apenas um devocional: \u00e9 uma jornada pr\u00e1tica e espiritual que integra corpo, mente e esp\u00edrito com prop\u00f3sito, leveza e profundidade. Ao longo de 63 dias, Djessi te convida a reorganizar sua rotina, revisar h\u00e1bitos, curar emo\u00e7\u00f5es, renovar a mente e reacender a chama da presen\u00e7a de Deus em todas as \u00e1reas da sua vida. S\u00e3o devocionais acess\u00edveis, cheios de dire\u00e7\u00e3o b\u00edblica, com a\u00e7\u00f5es pr\u00e1ticas e espa\u00e7o para registrar seu crescimento dia ap\u00f3s dia. O altar est\u00e1 pronto. E voc\u00ea?<\/p>\n<p>&#8220;Um livro para fortalecer os pilares fundamentais da nossa vida. De forma leve, pr\u00e1tica e com s\u00f3lido fundamento b\u00edblico, Djessi nos oferece um verdadeiro manual para cultivar bons h\u00e1bitos, exercitando diariamente corpo, mente e esp\u00edrito. Tudo isso para que possamos viver de forma plena e glorificar a Deus em todas as \u00e1reas da nossa vida.&#8221; &#8211; KAK\u00c1<\/p>\n<p>&#8220;Este livro \u00e9 um presente para quem deseja viver o extraordin\u00e1rio de Deus aqui na Terra. Cada p\u00e1gina traz uma dire\u00e7\u00e3o pr\u00e1tica para transformar corpo, mente e esp\u00edrito. De forma leve, Djessi nos reconecta \u00e0s verdades da Palavra, essenciais para quem quer viver a plenitude que o Pai prometeu. Leia com humildade, aplique com const\u00e2ncia e permita ue sua vida seja transformada.&#8221; &#8211; CAMILA VIEIRA<\/p>\n","protected":false},"excerpt":{"rendered":"<p>ENCONTRE SUA MELHOR VERS\u00c3O NO ALTAR! Este livro n\u00e3o \u00e9 apenas um devocional: \u00e9 uma jornada pr\u00e1tica e espiritual que&hellip;<\/p>\n","protected":false},"featured_media":343340,"comment_status":"open","ping_status":"closed","template":"","meta":[],"product_cat":[158,134],"product_tag":[],"_links":{"self":[{"href":"https:\/\/www.livrariarema.com.br\/loja\/wp-json\/wp\/v2\/product\/334093"}],"collection":[{"href":"https:\/\/www.livrariarema.com.br\/loja\/wp-json\/wp\/v2\/product"}],"about":[{"href":"https:\/\/www.livrariarema.com.br\/loja\/wp-json\/wp\/v2\/types\/product"}],"replies":[{"embeddable":true,"href":"https:\/\/www.livrariarema.com.br\/loja\/wp-json\/wp\/v2\/comments?post=334093"}],"wp:featuredmedia":[{"embeddable":true,"href":"https:\/\/www.livrariarema.com.br\/loja\/wp-json\/wp\/v2\/media\/343340"}],"wp:attachment":[{"href":"https:\/\/www.livrariarema.com.br\/loja\/wp-json\/wp\/v2\/media?parent=334093"}],"wp:term":[{"taxonomy":"product_cat","embeddable":true,"href":"https:\/\/www.livrariarema.com.br\/loja\/wp-json\/wp\/v2\/product_cat?post=334093"},{"taxonomy":"product_tag","embeddable":true,"href":"https:\/\/www.livrariarema.com.br\/loja\/wp-json\/wp\/v2\/product_tag?post=334093"}],"curies":[{"name":"wp","href":"https:\/\/api.w.org\/{rel}","templated":true}]}}