{"id":334097,"date":"2025-07-23T14:13:44","date_gmt":"2025-07-23T17:13:44","guid":{"rendered":"https:\/\/www.livrariarema.com.br\/loja\/produtos\/sem categoria\/collapse-gabriela-costa\/"},"modified":"2026-04-08T09:56:46","modified_gmt":"2026-04-08T12:56:46","slug":"collapse-gabriela-costa","status":"publish","type":"product","link":"https:\/\/www.livrariarema.com.br\/loja\/produtos\/livros\/ficcao\/collapse-gabriela-costa\/","title":{"rendered":"Collapse &#8211; Gabriela Costa"},"content":{"rendered":"<p>CALIF\u00d3RNIA, 1983.<Br><br \/>\nBEM-VINDO \u00c0 MANS\u00c3O VERMELHA.<Br><br \/>\n<Br><br \/>\nNa noite de Halloween, dois jovens s\u00e3o encontrados brutalmente assassinados. Eden estava l\u00e1. Ela ouviu os gritos, viu o sangue, sentiu o medo. E, ent\u00e3o, nada mais fez sentido.<Br><br \/>\n  Desde pequena, Eden aprendeu a se esconder. Filha do jardineiro da fam\u00edlia Leugen, ela cresceu circulando invis\u00edvel pela peculiar mans\u00e3o &#8211; observando, ouvindo e imaginando vers\u00f5es melhores de si mesma. Vers\u00f5es que talvez fossem mais f\u00e1ceis de amar.<Br><br \/>\n  Quando Kaden Harper come\u00e7a a lhe dar aten\u00e7\u00e3o, ela acredita que finalmente est\u00e1 sendo vista. Popular, bonito, carism\u00e1tico e confuso, ele representa tudo o que ela sempre desejou e parece notar nela o que ningu\u00e9m mais v\u00ea.<br \/>\n  Mas o que come\u00e7a como um poss\u00edvel romance logo se transforma em uma espiral de confus\u00e3o. Eden se perde entre o que sente, o que imagina e o que teme, e a linha entre fantasia e realidade come\u00e7a a desmoronar.<Br><br \/>\n  Com uma narrativa l\u00edrica e inquietante, Gabriela Costa conduz o leitor por um thriller psicol\u00f3gico intenso e perturbador sobre identidade, obsess\u00e3o, amor e perdas.<Br><\/p>\n","protected":false},"excerpt":{"rendered":"<p>CALIF\u00d3RNIA, 1983. BEM-VINDO \u00c0 MANS\u00c3O VERMELHA. Na noite de Halloween, dois jovens s\u00e3o encontrados brutalmente assassinados. Eden estava l\u00e1. Ela&hellip;<\/p>\n","protected":false},"featured_media":335375,"comment_status":"open","ping_status":"closed","template":"","meta":[],"product_cat":[162,134],"product_tag":[],"_links":{"self":[{"href":"https:\/\/www.livrariarema.com.br\/loja\/wp-json\/wp\/v2\/product\/334097"}],"collection":[{"href":"https:\/\/www.livrariarema.com.br\/loja\/wp-json\/wp\/v2\/product"}],"about":[{"href":"https:\/\/www.livrariarema.com.br\/loja\/wp-json\/wp\/v2\/types\/product"}],"replies":[{"embeddable":true,"href":"https:\/\/www.livrariarema.com.br\/loja\/wp-json\/wp\/v2\/comments?post=334097"}],"wp:featuredmedia":[{"embeddable":true,"href":"https:\/\/www.livrariarema.com.br\/loja\/wp-json\/wp\/v2\/media\/335375"}],"wp:attachment":[{"href":"https:\/\/www.livrariarema.com.br\/loja\/wp-json\/wp\/v2\/media?parent=334097"}],"wp:term":[{"taxonomy":"product_cat","embeddable":true,"href":"https:\/\/www.livrariarema.com.br\/loja\/wp-json\/wp\/v2\/product_cat?post=334097"},{"taxonomy":"product_tag","embeddable":true,"href":"https:\/\/www.livrariarema.com.br\/loja\/wp-json\/wp\/v2\/product_tag?post=334097"}],"curies":[{"name":"wp","href":"https:\/\/api.w.org\/{rel}","templated":true}]}}