{"id":334099,"date":"2025-07-23T14:13:50","date_gmt":"2025-07-23T17:13:50","guid":{"rendered":"https:\/\/www.livrariarema.com.br\/loja\/produtos\/sem categoria\/a-origem-das-estacoes-a-esperanca-da-primavera-sara-gusella\/"},"modified":"2026-01-29T17:38:09","modified_gmt":"2026-01-29T20:38:09","slug":"a-origem-das-estacoes-a-esperanca-da-primavera-sara-gusella","status":"publish","type":"product","link":"https:\/\/www.livrariarema.com.br\/loja\/produtos\/livros\/ficcao\/a-origem-das-estacoes-a-esperanca-da-primavera-sara-gusella\/","title":{"rendered":"A Origem Das Esta\u00e7\u00f5es &#8211; A Esperan\u00e7a Da Primavera &#8211; Sara Gusella"},"content":{"rendered":"<p>S\u00e9rie A ORIGEM DAS ESTA\u00c7\u00d5ES &#8211; Livro 2<\/p>\n<p>Depois de um inverno rigoroso que quase destruiu a vida nas Terras do Sol, o equil\u00edbrio entre as esta\u00e7\u00f5es parece ter sido restaurado.<br \/>\nMas uma presen\u00e7a inesperada amea\u00e7a abalar essa fr\u00e1gil estabilidade: Florence, uma garota sem mem\u00f3rias, aparece misteriosamente no Pal\u00e1cio do Sol &#8211; e seu surgimento pode estar conectado a for\u00e7as muito mais perigosas do que Beor poderia imaginar.<br \/>\nEm uma jornada atrav\u00e9s do continente, Beor e Florence colocar\u00e3o sua coragem \u00e0 prova, e ser\u00e1 preciso cultivar a esperan\u00e7a para que o equil\u00edbrio na Terra Natural n\u00e3o siga amea\u00e7ado por planos ainda mais gelados.<\/p>\n","protected":false},"excerpt":{"rendered":"<p>S\u00e9rie A ORIGEM DAS ESTA\u00c7\u00d5ES &#8211; Livro 2 Depois de um inverno rigoroso que quase destruiu a vida nas Terras&hellip;<\/p>\n","protected":false},"featured_media":343360,"comment_status":"open","ping_status":"closed","template":"","meta":[],"product_cat":[162,134],"product_tag":[],"_links":{"self":[{"href":"https:\/\/www.livrariarema.com.br\/loja\/wp-json\/wp\/v2\/product\/334099"}],"collection":[{"href":"https:\/\/www.livrariarema.com.br\/loja\/wp-json\/wp\/v2\/product"}],"about":[{"href":"https:\/\/www.livrariarema.com.br\/loja\/wp-json\/wp\/v2\/types\/product"}],"replies":[{"embeddable":true,"href":"https:\/\/www.livrariarema.com.br\/loja\/wp-json\/wp\/v2\/comments?post=334099"}],"wp:featuredmedia":[{"embeddable":true,"href":"https:\/\/www.livrariarema.com.br\/loja\/wp-json\/wp\/v2\/media\/343360"}],"wp:attachment":[{"href":"https:\/\/www.livrariarema.com.br\/loja\/wp-json\/wp\/v2\/media?parent=334099"}],"wp:term":[{"taxonomy":"product_cat","embeddable":true,"href":"https:\/\/www.livrariarema.com.br\/loja\/wp-json\/wp\/v2\/product_cat?post=334099"},{"taxonomy":"product_tag","embeddable":true,"href":"https:\/\/www.livrariarema.com.br\/loja\/wp-json\/wp\/v2\/product_tag?post=334099"}],"curies":[{"name":"wp","href":"https:\/\/api.w.org\/{rel}","templated":true}]}}