{"id":335237,"date":"2025-08-11T13:18:35","date_gmt":"2025-08-11T16:18:35","guid":{"rendered":"https:\/\/www.livrariarema.com.br\/loja\/produtos\/sem categoria\/tudo-para-ele-oswald-chambers-luxo-verde\/"},"modified":"2026-01-12T11:45:17","modified_gmt":"2026-01-12T14:45:17","slug":"tudo-para-ele-oswald-chambers-luxo-verde","status":"publish","type":"product","link":"https:\/\/www.livrariarema.com.br\/loja\/produtos\/livros\/devocional\/tudo-para-ele-oswald-chambers-luxo-verde\/","title":{"rendered":"Tudo Para Ele &#8211; Oswald Chambers &#8211; Luxo &#8211; Verde"},"content":{"rendered":"<p>Tudo para Ele \u00e9 um cl\u00e1ssico da literatura devocional. Um dos best-sellers mais marcantes do nosso tempo. Esse devocional tem impactado a vida de milh\u00f5es de pessoas, conduzindo-as num passeio mais profundo e apaixonado com Deus.<\/p>\n<p>Descubra a sabedoria de Oswald Chambers, um homem que o desafia a entregar-se totalmente a Deus. O conte\u00fado poderoso deste trabalho vision\u00e1rio fala direto ao cora\u00e7\u00e3o, ajudando-o a ouvir o que Deus quer lhe dizer em cada dia do ano. Chambers explora as profundezas de nossa humanidade e tamb\u00e9m a nossa profunda necessidade de uma vida focada em Deus.<\/p>\n<p>Seus ensinamentos, \u00e0 luz da B\u00edblia, n\u00e3o devem ser apenas admirados, mas colocados em pr\u00e1tica. Estas medita\u00e7\u00f5es revelam os verdadeiros tesouros que encontramos na Palavra de Deus.<\/p>\n<p>Oswald Chambers<\/p>\n<p>Oswald Chambers (1874-1917) como muitos de n\u00f3s, explorou diferentes op\u00e7\u00f5es de carreira durante seus primeiros anos no final de 1800. Foi artista talentoso, m\u00fasico, mas ap\u00f3s uma batalha interna agonizante durante seus estudos na Universidade de Edimburgo, Esc\u00f3cia, ele decidiu entregar sua vida totalmente a Deus e come\u00e7ou a preparar-se para o minist\u00e9rio.<\/p>\n<p>Chambers dedicou-se totalmente a Deus, \u00e0 Sua Palavra, e a compartilhar a sabedoria atemporal da B\u00edblia com o pr\u00f3ximo. Seu minist\u00e9rio de ensino da B\u00edblia o levou de sua Esc\u00f3cia natal para outras partes do Reino Unido, Estados Unidos, Jap\u00e3o e, finalmente, a um campo de treinamento no Egito durante a Primeira Guerra Mundial. Ele pastoreava os soldados e sua esposa sempre tomava notas taquigr\u00e1ficas literais de seus serm\u00f5es e estudos. Ap\u00f3s a morte dele devido \u00e0s complica\u00e7\u00f5es de uma apendicite, em 1917, suas mensagens foram compiladas e correram o mundo por meio de uma grande variedade de publica\u00e7\u00f5es. Chambers n\u00e3o viveu para ver o seu livro mais conhecido, Tudo para Ele, publicado, hoje em linguagem contempor\u00e2nea, quase 100 anos depois.<\/p>\n","protected":false},"excerpt":{"rendered":"<p>Tudo para Ele \u00e9 um cl\u00e1ssico da literatura devocional. Um dos best-sellers mais marcantes do nosso tempo. Esse devocional tem&hellip;<\/p>\n","protected":false},"featured_media":338623,"comment_status":"open","ping_status":"closed","template":"","meta":[],"product_cat":[158,134],"product_tag":[],"_links":{"self":[{"href":"https:\/\/www.livrariarema.com.br\/loja\/wp-json\/wp\/v2\/product\/335237"}],"collection":[{"href":"https:\/\/www.livrariarema.com.br\/loja\/wp-json\/wp\/v2\/product"}],"about":[{"href":"https:\/\/www.livrariarema.com.br\/loja\/wp-json\/wp\/v2\/types\/product"}],"replies":[{"embeddable":true,"href":"https:\/\/www.livrariarema.com.br\/loja\/wp-json\/wp\/v2\/comments?post=335237"}],"wp:featuredmedia":[{"embeddable":true,"href":"https:\/\/www.livrariarema.com.br\/loja\/wp-json\/wp\/v2\/media\/338623"}],"wp:attachment":[{"href":"https:\/\/www.livrariarema.com.br\/loja\/wp-json\/wp\/v2\/media?parent=335237"}],"wp:term":[{"taxonomy":"product_cat","embeddable":true,"href":"https:\/\/www.livrariarema.com.br\/loja\/wp-json\/wp\/v2\/product_cat?post=335237"},{"taxonomy":"product_tag","embeddable":true,"href":"https:\/\/www.livrariarema.com.br\/loja\/wp-json\/wp\/v2\/product_tag?post=335237"}],"curies":[{"name":"wp","href":"https:\/\/api.w.org\/{rel}","templated":true}]}}