{"id":335283,"date":"2025-08-12T13:58:18","date_gmt":"2025-08-12T16:58:18","guid":{"rendered":"https:\/\/www.livrariarema.com.br\/loja\/?post_type=product&#038;p=335283"},"modified":"2026-04-01T14:31:48","modified_gmt":"2026-04-01T17:31:48","slug":"tudo-para-ele-meninas-oswald-chambers-jesus-quer-tudo-de-mim","status":"publish","type":"product","link":"https:\/\/www.livrariarema.com.br\/loja\/produtos\/livros\/devocional\/tudo-para-ele-meninas-oswald-chambers-jesus-quer-tudo-de-mim\/","title":{"rendered":"Tudo Para Ele &#8211; Meninas &#8211; Oswald Chambers &#8211; Jesus Quer Tudo De Mim"},"content":{"rendered":"<p>Desde sua primeira publica\u00e7\u00e3o em ingl\u00eas no ano de 1999, Tudo para Ele, Jesus quer tudo de mim j\u00e1 alcan\u00e7ou milh\u00f5es de pequenos leitores com verdades profundas da vida crist\u00e3.<\/p>\n<p>Linguagem adequada para crian\u00e7as de 3 a 6 anos.<br \/>\nLeitura curta, simples e f\u00e1ceis.<br \/>\nIlustra\u00e7\u00f5es divertidas, coloridas e atuais.<br \/>\nVers\u00edculos para memorizar.<br \/>\nJesus quer tudo de mim apresenta as verdades imut\u00e1veis da Palavra de Deus de maneira maravilhosa aos pequenos cora\u00e7\u00f5es e mentes. Se voc\u00ea j\u00e1 conhece e j\u00e1 foi desafiado pela leitura devocional Tudo para Ele, com certeza, vai querer compartilhar estas ben\u00e7\u00e3os com as crian\u00e7as ao seu redor.<\/p>\n<p>Ajude-as a trilhar o caminho certo desde tenra idade. Cont\u00e9m um texto devocional por dia e gera a oportunidade para a crian\u00e7a aprender a expressar melhor seus sentimentos \u00e0 luz da palavra de Deus.<\/p>\n<p>Oswald Chambers compreendeu o segredo da vida crist\u00e3: entregar-se completamente a Deus. E por agir assim, Deus usou o livro deste autor, Tudo para Ele, para atrair milh\u00f5es de leitores a um relacionamento mais profundo com o Senhor.<\/p>\n<p>Deus quer exatamente o mesmo de cada um de n\u00f3s. Ele quer que sejamos dele &#8211; 100% dele. E a coisa mais importante n\u00e3o \u00e9 o que dizemos nem o que fazemos; nem mesmo quem alcan\u00e7amos. O mais importante \u00e9 o relacionamento que cultivamos com Ele.<\/p>\n<p>Essa profunda liga\u00e7\u00e3o espiritual n\u00e3o se destina apenas aos adultos. Na realidade, o pr\u00f3prio Jesus falou sobre ter a f\u00e9 como de uma crian\u00e7a. Jesus quer tudo de mim, baseado no devocional cl\u00e1ssico de Chambers, pode ser seu guia parental para ajudar seus filhos a desenvolver um relacionamento mais profundo com Deus. Estes pensamentos di\u00e1rios ensinar\u00e3o a seus filhos as verdades das Escrituras que permanecer\u00e3o com eles pelo resto da vida.<\/p>\n<p>O que poderia ser mais importante do que isso? Use este devocional para ajudar seus filhos a conhecer Jesus &#8211; e a entregar o cora\u00e7\u00e3o a Ele.<\/p>\n","protected":false},"excerpt":{"rendered":"<p>Desde sua primeira publica\u00e7\u00e3o em ingl\u00eas no ano de 1999, Tudo para Ele, Jesus quer tudo de mim j\u00e1 alcan\u00e7ou&hellip;<\/p>\n","protected":false},"featured_media":338562,"comment_status":"open","ping_status":"closed","template":"","meta":[],"product_cat":[158,134],"product_tag":[],"_links":{"self":[{"href":"https:\/\/www.livrariarema.com.br\/loja\/wp-json\/wp\/v2\/product\/335283"}],"collection":[{"href":"https:\/\/www.livrariarema.com.br\/loja\/wp-json\/wp\/v2\/product"}],"about":[{"href":"https:\/\/www.livrariarema.com.br\/loja\/wp-json\/wp\/v2\/types\/product"}],"replies":[{"embeddable":true,"href":"https:\/\/www.livrariarema.com.br\/loja\/wp-json\/wp\/v2\/comments?post=335283"}],"wp:featuredmedia":[{"embeddable":true,"href":"https:\/\/www.livrariarema.com.br\/loja\/wp-json\/wp\/v2\/media\/338562"}],"wp:attachment":[{"href":"https:\/\/www.livrariarema.com.br\/loja\/wp-json\/wp\/v2\/media?parent=335283"}],"wp:term":[{"taxonomy":"product_cat","embeddable":true,"href":"https:\/\/www.livrariarema.com.br\/loja\/wp-json\/wp\/v2\/product_cat?post=335283"},{"taxonomy":"product_tag","embeddable":true,"href":"https:\/\/www.livrariarema.com.br\/loja\/wp-json\/wp\/v2\/product_tag?post=335283"}],"curies":[{"name":"wp","href":"https:\/\/api.w.org\/{rel}","templated":true}]}}