{"id":335323,"date":"2025-08-14T10:48:53","date_gmt":"2025-08-14T13:48:53","guid":{"rendered":"https:\/\/www.livrariarema.com.br\/loja\/produtos\/sem categoria\/compasso-escolar-tris-su123\/"},"modified":"2026-04-06T14:00:51","modified_gmt":"2026-04-06T17:00:51","slug":"compasso-escolar-tris-su123","status":"publish","type":"product","link":"https:\/\/www.livrariarema.com.br\/loja\/produtos\/papelaria\/compasso\/compasso-escolar-tris-su123\/","title":{"rendered":"Compasso Escolar &#8211; Tris &#8211; Su123"},"content":{"rendered":"<p>\u00d3timo para primeiros exerc\u00edcios escolares! O compasso SU-123 possui corp o met\u00e1lico e c\u00edrculo m\u00e1ximo de aproximadamente 30cm de di\u00e2metro. Comprim ento 11cm.<\/p>\n","protected":false},"excerpt":{"rendered":"<p>\u00d3timo para primeiros exerc\u00edcios escolares! O compasso SU-123 possui corp o met\u00e1lico e c\u00edrculo m\u00e1ximo de aproximadamente 30cm de di\u00e2metro.&hellip;<\/p>\n","protected":false},"featured_media":335322,"comment_status":"open","ping_status":"closed","template":"","meta":[],"product_cat":[332,215],"product_tag":[],"_links":{"self":[{"href":"https:\/\/www.livrariarema.com.br\/loja\/wp-json\/wp\/v2\/product\/335323"}],"collection":[{"href":"https:\/\/www.livrariarema.com.br\/loja\/wp-json\/wp\/v2\/product"}],"about":[{"href":"https:\/\/www.livrariarema.com.br\/loja\/wp-json\/wp\/v2\/types\/product"}],"replies":[{"embeddable":true,"href":"https:\/\/www.livrariarema.com.br\/loja\/wp-json\/wp\/v2\/comments?post=335323"}],"wp:featuredmedia":[{"embeddable":true,"href":"https:\/\/www.livrariarema.com.br\/loja\/wp-json\/wp\/v2\/media\/335322"}],"wp:attachment":[{"href":"https:\/\/www.livrariarema.com.br\/loja\/wp-json\/wp\/v2\/media?parent=335323"}],"wp:term":[{"taxonomy":"product_cat","embeddable":true,"href":"https:\/\/www.livrariarema.com.br\/loja\/wp-json\/wp\/v2\/product_cat?post=335323"},{"taxonomy":"product_tag","embeddable":true,"href":"https:\/\/www.livrariarema.com.br\/loja\/wp-json\/wp\/v2\/product_tag?post=335323"}],"curies":[{"name":"wp","href":"https:\/\/api.w.org\/{rel}","templated":true}]}}