{"id":335335,"date":"2025-08-14T10:49:31","date_gmt":"2025-08-14T13:49:31","guid":{"rendered":"https:\/\/www.livrariarema.com.br\/loja\/produtos\/sem categoria\/bloco-de-notas-tris-76mm-x-76mm-holic-amarelo-100-fls\/"},"modified":"2026-03-14T11:50:40","modified_gmt":"2026-03-14T14:50:40","slug":"bloco-de-notas-tris-76mm-x-76mm-holic-amarelo-100-fls","status":"publish","type":"product","link":"https:\/\/www.livrariarema.com.br\/loja\/produtos\/papelaria\/bloco\/bloco-de-notas-tris-76mm-x-76mm-holic-amarelo-100-fls\/","title":{"rendered":"Bloco De Notas &#8211; Tris &#8211; 76Mm X 76Mm &#8211; Holic &#8211; Amarelo &#8211; 100 Fls"},"content":{"rendered":"<p>Embalagem com 1 bloco de 100 folhas, em tons neon cl\u00e1ssicos! O papel ace ita escrita, \u00e9 f\u00e1cil de aplicar e reposicion\u00e1vel! Dimens\u00f5es: 76x76mm.<\/p>\n","protected":false},"excerpt":{"rendered":"<p>Embalagem com 1 bloco de 100 folhas, em tons neon cl\u00e1ssicos! O papel ace ita escrita, \u00e9 f\u00e1cil de aplicar&hellip;<\/p>\n","protected":false},"featured_media":335334,"comment_status":"open","ping_status":"closed","template":"","meta":[],"product_cat":[239,215],"product_tag":[],"_links":{"self":[{"href":"https:\/\/www.livrariarema.com.br\/loja\/wp-json\/wp\/v2\/product\/335335"}],"collection":[{"href":"https:\/\/www.livrariarema.com.br\/loja\/wp-json\/wp\/v2\/product"}],"about":[{"href":"https:\/\/www.livrariarema.com.br\/loja\/wp-json\/wp\/v2\/types\/product"}],"replies":[{"embeddable":true,"href":"https:\/\/www.livrariarema.com.br\/loja\/wp-json\/wp\/v2\/comments?post=335335"}],"wp:featuredmedia":[{"embeddable":true,"href":"https:\/\/www.livrariarema.com.br\/loja\/wp-json\/wp\/v2\/media\/335334"}],"wp:attachment":[{"href":"https:\/\/www.livrariarema.com.br\/loja\/wp-json\/wp\/v2\/media?parent=335335"}],"wp:term":[{"taxonomy":"product_cat","embeddable":true,"href":"https:\/\/www.livrariarema.com.br\/loja\/wp-json\/wp\/v2\/product_cat?post=335335"},{"taxonomy":"product_tag","embeddable":true,"href":"https:\/\/www.livrariarema.com.br\/loja\/wp-json\/wp\/v2\/product_tag?post=335335"}],"curies":[{"name":"wp","href":"https:\/\/api.w.org\/{rel}","templated":true}]}}