{"id":335347,"date":"2025-08-14T10:50:15","date_gmt":"2025-08-14T13:50:15","guid":{"rendered":"https:\/\/www.livrariarema.com.br\/loja\/produtos\/sem categoria\/giz-de-banho-tris-toy-5-cores-esponja\/"},"modified":"2025-12-08T11:51:19","modified_gmt":"2025-12-08T14:51:19","slug":"giz-de-banho-tris-toy-5-cores-esponja","status":"publish","type":"product","link":"https:\/\/www.livrariarema.com.br\/loja\/produtos\/papelaria\/giz-de-cera\/giz-de-banho-tris-toy-5-cores-esponja\/","title":{"rendered":"Giz De Banho &#8211; Tris &#8211; Toy &#8211; 5 Cores + Esponja"},"content":{"rendered":"<p>A linha Tris Toy cria mem\u00f3rias especiais atrav\u00e9s de brincadeiras que exp loram incr\u00edveis descobertas. Um mundo repleto de alegria, divers\u00e3o e ima gina\u00e7\u00e3o. O Giz de Banho torna a rotina dos pequenos muito mais divertida ! Ideal para as paredes lisas do banheiro e vidros, com cores vibrantes e de f\u00e1cil lavagem, desenhar e criar durante o banho vai se tornar a at ividade preferida dos pequeninos. Depois \u00e9 s\u00f3 apagar tudo com uma esponj a \u00famida e pronto!<\/p>\n","protected":false},"excerpt":{"rendered":"<p>A linha Tris Toy cria mem\u00f3rias especiais atrav\u00e9s de brincadeiras que exp loram incr\u00edveis descobertas. Um mundo repleto de alegria,&hellip;<\/p>\n","protected":false},"featured_media":335346,"comment_status":"open","ping_status":"closed","template":"","meta":[],"product_cat":[286,215],"product_tag":[],"_links":{"self":[{"href":"https:\/\/www.livrariarema.com.br\/loja\/wp-json\/wp\/v2\/product\/335347"}],"collection":[{"href":"https:\/\/www.livrariarema.com.br\/loja\/wp-json\/wp\/v2\/product"}],"about":[{"href":"https:\/\/www.livrariarema.com.br\/loja\/wp-json\/wp\/v2\/types\/product"}],"replies":[{"embeddable":true,"href":"https:\/\/www.livrariarema.com.br\/loja\/wp-json\/wp\/v2\/comments?post=335347"}],"wp:featuredmedia":[{"embeddable":true,"href":"https:\/\/www.livrariarema.com.br\/loja\/wp-json\/wp\/v2\/media\/335346"}],"wp:attachment":[{"href":"https:\/\/www.livrariarema.com.br\/loja\/wp-json\/wp\/v2\/media?parent=335347"}],"wp:term":[{"taxonomy":"product_cat","embeddable":true,"href":"https:\/\/www.livrariarema.com.br\/loja\/wp-json\/wp\/v2\/product_cat?post=335347"},{"taxonomy":"product_tag","embeddable":true,"href":"https:\/\/www.livrariarema.com.br\/loja\/wp-json\/wp\/v2\/product_tag?post=335347"}],"curies":[{"name":"wp","href":"https:\/\/api.w.org\/{rel}","templated":true}]}}