{"id":335351,"date":"2025-08-14T10:50:28","date_gmt":"2025-08-14T13:50:28","guid":{"rendered":"https:\/\/www.livrariarema.com.br\/loja\/produtos\/sem categoria\/bloco-de-notas-tris-holic-100mm-x-125mm-memo-50-folhas\/"},"modified":"2026-01-20T18:32:18","modified_gmt":"2026-01-20T21:32:18","slug":"bloco-de-notas-tris-holic-100mm-x-125mm-memo-50-folhas","status":"publish","type":"product","link":"https:\/\/www.livrariarema.com.br\/loja\/produtos\/papelaria\/bloco\/bloco-de-notas-tris-holic-100mm-x-125mm-memo-50-folhas\/","title":{"rendered":"Bloco De Notas &#8211; Tris &#8211; Holic &#8211; 100Mm X 125Mm &#8211; Memo &#8211; 50 Folhas"},"content":{"rendered":"<p>A notinha Memo Note \u00e9 ideal para listas, pois \u00e9 pautada e com espa\u00e7o para marcar o que foi realizado! Cor amarelo neon, reposicion\u00e1vel e aceita escrita. Dimens\u00f5es: 100x125mm.<\/p>\n","protected":false},"excerpt":{"rendered":"<p>A notinha Memo Note \u00e9 ideal para listas, pois \u00e9 pautada e com espa\u00e7o para marcar o que foi realizado!&hellip;<\/p>\n","protected":false},"featured_media":335350,"comment_status":"open","ping_status":"closed","template":"","meta":[],"product_cat":[239,215],"product_tag":[],"_links":{"self":[{"href":"https:\/\/www.livrariarema.com.br\/loja\/wp-json\/wp\/v2\/product\/335351"}],"collection":[{"href":"https:\/\/www.livrariarema.com.br\/loja\/wp-json\/wp\/v2\/product"}],"about":[{"href":"https:\/\/www.livrariarema.com.br\/loja\/wp-json\/wp\/v2\/types\/product"}],"replies":[{"embeddable":true,"href":"https:\/\/www.livrariarema.com.br\/loja\/wp-json\/wp\/v2\/comments?post=335351"}],"wp:featuredmedia":[{"embeddable":true,"href":"https:\/\/www.livrariarema.com.br\/loja\/wp-json\/wp\/v2\/media\/335350"}],"wp:attachment":[{"href":"https:\/\/www.livrariarema.com.br\/loja\/wp-json\/wp\/v2\/media?parent=335351"}],"wp:term":[{"taxonomy":"product_cat","embeddable":true,"href":"https:\/\/www.livrariarema.com.br\/loja\/wp-json\/wp\/v2\/product_cat?post=335351"},{"taxonomy":"product_tag","embeddable":true,"href":"https:\/\/www.livrariarema.com.br\/loja\/wp-json\/wp\/v2\/product_tag?post=335351"}],"curies":[{"name":"wp","href":"https:\/\/api.w.org\/{rel}","templated":true}]}}