{"id":335355,"date":"2025-08-14T10:50:40","date_gmt":"2025-08-14T13:50:40","guid":{"rendered":"https:\/\/www.livrariarema.com.br\/loja\/produtos\/sem categoria\/borracha-tris-uno\/"},"modified":"2026-04-27T11:00:29","modified_gmt":"2026-04-27T14:00:29","slug":"borracha-tris-uno","status":"publish","type":"product","link":"https:\/\/www.livrariarema.com.br\/loja\/produtos\/papelaria\/borracha\/borracha-tris-uno\/","title":{"rendered":"Borracha &#8211; Tris &#8211; Uno"},"content":{"rendered":"<p>O divertido e colorido jogo de cartas chegou inspirando a Tris. A borracha Uno \u00e9 ideal para apagar grafite e \u00e9 livre de PVC. Possui textura macia possui textura macia e cada borracha \u00e9 embalada individualmente, evitando sujeira antes do uso. Possui formato inspirado nas cartas do jogo.<\/p>\n<p>* Vendido Individualmente. Enviado de acordo com a disponibilidade em estoque *<\/p>\n","protected":false},"excerpt":{"rendered":"<p>O divertido e colorido jogo de cartas chegou inspirando a Tris. A borracha Uno \u00e9 ideal para apagar grafite e&hellip;<\/p>\n","protected":false},"featured_media":335354,"comment_status":"open","ping_status":"closed","template":"","meta":[],"product_cat":[281,215],"product_tag":[],"_links":{"self":[{"href":"https:\/\/www.livrariarema.com.br\/loja\/wp-json\/wp\/v2\/product\/335355"}],"collection":[{"href":"https:\/\/www.livrariarema.com.br\/loja\/wp-json\/wp\/v2\/product"}],"about":[{"href":"https:\/\/www.livrariarema.com.br\/loja\/wp-json\/wp\/v2\/types\/product"}],"replies":[{"embeddable":true,"href":"https:\/\/www.livrariarema.com.br\/loja\/wp-json\/wp\/v2\/comments?post=335355"}],"wp:featuredmedia":[{"embeddable":true,"href":"https:\/\/www.livrariarema.com.br\/loja\/wp-json\/wp\/v2\/media\/335354"}],"wp:attachment":[{"href":"https:\/\/www.livrariarema.com.br\/loja\/wp-json\/wp\/v2\/media?parent=335355"}],"wp:term":[{"taxonomy":"product_cat","embeddable":true,"href":"https:\/\/www.livrariarema.com.br\/loja\/wp-json\/wp\/v2\/product_cat?post=335355"},{"taxonomy":"product_tag","embeddable":true,"href":"https:\/\/www.livrariarema.com.br\/loja\/wp-json\/wp\/v2\/product_tag?post=335355"}],"curies":[{"name":"wp","href":"https:\/\/api.w.org\/{rel}","templated":true}]}}