{"id":335357,"date":"2025-08-14T10:50:47","date_gmt":"2025-08-14T13:50:47","guid":{"rendered":"https:\/\/www.livrariarema.com.br\/loja\/produtos\/sem categoria\/caneta-gel-tris-holic-espresso-0-5mm-retratil\/"},"modified":"2026-03-28T12:20:43","modified_gmt":"2026-03-28T15:20:43","slug":"caneta-gel-tris-holic-espresso-0-5mm-retratil","status":"publish","type":"product","link":"https:\/\/www.livrariarema.com.br\/loja\/produtos\/papelaria\/canetas\/caneta-gel-tris-holic-espresso-0-5mm-retratil\/","title":{"rendered":"Caneta Gel &#8211; Tris &#8211; Holic &#8211; Espresso &#8211; 0.5Mm &#8211; Retr\u00e1til"},"content":{"rendered":"<p>Dedicada aos amantes de caf\u00e9, a cole\u00e7\u00e3o Coffee Shop traz o aconchego e a energia das cafeterias para o universo da papelaria. A caneta gel retr\u00e1til Espresso possui corpo emborrachado fosco em 3 tons de caf\u00e9. <br \/>\nEla possui ponta fina 0.5mm e cor de tinta preta.<\/p>\n<p>* Vendido Individualmente. Enviado de acordo com a disponibilidade em estoque **<\/p>\n","protected":false},"excerpt":{"rendered":"<p>Dedicada aos amantes de caf\u00e9, a cole\u00e7\u00e3o Coffee Shop traz o aconchego e a energia das cafeterias para o universo&hellip;<\/p>\n","protected":false},"featured_media":335356,"comment_status":"open","ping_status":"closed","template":"","meta":[],"product_cat":[216,215],"product_tag":[],"_links":{"self":[{"href":"https:\/\/www.livrariarema.com.br\/loja\/wp-json\/wp\/v2\/product\/335357"}],"collection":[{"href":"https:\/\/www.livrariarema.com.br\/loja\/wp-json\/wp\/v2\/product"}],"about":[{"href":"https:\/\/www.livrariarema.com.br\/loja\/wp-json\/wp\/v2\/types\/product"}],"replies":[{"embeddable":true,"href":"https:\/\/www.livrariarema.com.br\/loja\/wp-json\/wp\/v2\/comments?post=335357"}],"wp:featuredmedia":[{"embeddable":true,"href":"https:\/\/www.livrariarema.com.br\/loja\/wp-json\/wp\/v2\/media\/335356"}],"wp:attachment":[{"href":"https:\/\/www.livrariarema.com.br\/loja\/wp-json\/wp\/v2\/media?parent=335357"}],"wp:term":[{"taxonomy":"product_cat","embeddable":true,"href":"https:\/\/www.livrariarema.com.br\/loja\/wp-json\/wp\/v2\/product_cat?post=335357"},{"taxonomy":"product_tag","embeddable":true,"href":"https:\/\/www.livrariarema.com.br\/loja\/wp-json\/wp\/v2\/product_tag?post=335357"}],"curies":[{"name":"wp","href":"https:\/\/api.w.org\/{rel}","templated":true}]}}