{"id":335483,"date":"2025-08-18T14:42:57","date_gmt":"2025-08-18T17:42:57","guid":{"rendered":"https:\/\/www.livrariarema.com.br\/loja\/produtos\/sem categoria\/ensino-e-autoridade-wilson-faraco\/"},"modified":"2025-08-18T14:43:02","modified_gmt":"2025-08-18T17:43:02","slug":"ensino-e-autoridade-wilson-faraco","status":"publish","type":"product","link":"https:\/\/www.livrariarema.com.br\/loja\/produtos\/livros\/educacao-crista\/ensino-e-autoridade-wilson-faraco\/","title":{"rendered":"Ensino E Autoridade &#8211; Wilson Fara\u00e7o"},"content":{"rendered":"<p>Uma an\u00e1lise fascinante sobre o m\u00e9todo de ensino de Jesus! Esta obra acad\u00eamica estuda a abordagem inovadora de Jesus em treinar disc\u00edpulos, comparando-a com forma tradicional da \u00e9poca. O autor destaca a efic\u00e1cia transformadora do ensino de Jesus, capacitando lideres e multiplicadores da mensagem.<\/p>\n","protected":false},"excerpt":{"rendered":"<p>Uma an\u00e1lise fascinante sobre o m\u00e9todo de ensino de Jesus! Esta obra acad\u00eamica estuda a abordagem inovadora de Jesus em&hellip;<\/p>\n","protected":false},"featured_media":335482,"comment_status":"open","ping_status":"closed","template":"","meta":[],"product_cat":[169,134],"product_tag":[],"_links":{"self":[{"href":"https:\/\/www.livrariarema.com.br\/loja\/wp-json\/wp\/v2\/product\/335483"}],"collection":[{"href":"https:\/\/www.livrariarema.com.br\/loja\/wp-json\/wp\/v2\/product"}],"about":[{"href":"https:\/\/www.livrariarema.com.br\/loja\/wp-json\/wp\/v2\/types\/product"}],"replies":[{"embeddable":true,"href":"https:\/\/www.livrariarema.com.br\/loja\/wp-json\/wp\/v2\/comments?post=335483"}],"wp:featuredmedia":[{"embeddable":true,"href":"https:\/\/www.livrariarema.com.br\/loja\/wp-json\/wp\/v2\/media\/335482"}],"wp:attachment":[{"href":"https:\/\/www.livrariarema.com.br\/loja\/wp-json\/wp\/v2\/media?parent=335483"}],"wp:term":[{"taxonomy":"product_cat","embeddable":true,"href":"https:\/\/www.livrariarema.com.br\/loja\/wp-json\/wp\/v2\/product_cat?post=335483"},{"taxonomy":"product_tag","embeddable":true,"href":"https:\/\/www.livrariarema.com.br\/loja\/wp-json\/wp\/v2\/product_tag?post=335483"}],"curies":[{"name":"wp","href":"https:\/\/api.w.org\/{rel}","templated":true}]}}