{"id":335486,"date":"2025-08-18T14:43:16","date_gmt":"2025-08-18T17:43:16","guid":{"rendered":"https:\/\/www.livrariarema.com.br\/loja\/produtos\/sem categoria\/alerta-contra-a-ansiedade-um-gil-dias\/"},"modified":"2026-03-26T14:20:38","modified_gmt":"2026-03-26T17:20:38","slug":"alerta-contra-a-ansiedade-um-gil-dias","status":"publish","type":"product","link":"https:\/\/www.livrariarema.com.br\/loja\/produtos\/livros\/vida-crista\/alerta-contra-a-ansiedade-um-gil-dias\/","title":{"rendered":"Alerta Contra A Ansiedade, Um &#8211; Gil Dias"},"content":{"rendered":"<p>Este livro \u00e9 um verdadeiro manual de como agir quando a ansiedade bater \u00e0 porta. Infelizmente isso tem sido recorrente no meio crist\u00e3o. Com a agita\u00e7\u00e3o da vida, com as diversas prioridades e o fato de tudo se tornar urgente, \u00e9 dif\u00edcil discernir o tempo e a prioridade de cada coisa. Esse livro te ensina como desacelerar, te passa uma vis\u00e3o da ansiedade vista por algu\u00e9m que est\u00e1 fora dela, e lhe ensina como olhar a ansiedade \u00e0 luz da B\u00edblia, com calma e maturidade para as situa\u00e7\u00f5es.<\/p>\n","protected":false},"excerpt":{"rendered":"<p>Este livro \u00e9 um verdadeiro manual de como agir quando a ansiedade bater \u00e0 porta. Infelizmente isso tem sido recorrente&hellip;<\/p>\n","protected":false},"featured_media":345447,"comment_status":"open","ping_status":"closed","template":"","meta":[],"product_cat":[134,137],"product_tag":[],"_links":{"self":[{"href":"https:\/\/www.livrariarema.com.br\/loja\/wp-json\/wp\/v2\/product\/335486"}],"collection":[{"href":"https:\/\/www.livrariarema.com.br\/loja\/wp-json\/wp\/v2\/product"}],"about":[{"href":"https:\/\/www.livrariarema.com.br\/loja\/wp-json\/wp\/v2\/types\/product"}],"replies":[{"embeddable":true,"href":"https:\/\/www.livrariarema.com.br\/loja\/wp-json\/wp\/v2\/comments?post=335486"}],"wp:featuredmedia":[{"embeddable":true,"href":"https:\/\/www.livrariarema.com.br\/loja\/wp-json\/wp\/v2\/media\/345447"}],"wp:attachment":[{"href":"https:\/\/www.livrariarema.com.br\/loja\/wp-json\/wp\/v2\/media?parent=335486"}],"wp:term":[{"taxonomy":"product_cat","embeddable":true,"href":"https:\/\/www.livrariarema.com.br\/loja\/wp-json\/wp\/v2\/product_cat?post=335486"},{"taxonomy":"product_tag","embeddable":true,"href":"https:\/\/www.livrariarema.com.br\/loja\/wp-json\/wp\/v2\/product_tag?post=335486"}],"curies":[{"name":"wp","href":"https:\/\/api.w.org\/{rel}","templated":true}]}}