{"id":335556,"date":"2025-08-19T17:59:38","date_gmt":"2025-08-19T20:59:38","guid":{"rendered":"https:\/\/www.livrariarema.com.br\/loja\/produtos\/sem%20categoria\/biblia-para-la-predicacion-purpura\/"},"modified":"2025-10-22T11:12:21","modified_gmt":"2025-10-22T14:12:21","slug":"biblia-para-la-predicacion-purpura","status":"publish","type":"product","link":"https:\/\/www.livrariarema.com.br\/loja\/produtos\/biblias\/outros-idiomas\/biblia-para-la-predicacion-purpura\/","title":{"rendered":"B\u00edblia Para La Predicaci\u00f3n &#8211; P\u00farpura"},"content":{"rendered":"<p>LA BIBLIA PARA LA PREDICACI\u00d3N &#8211; REINA-VALERA 1960.<br \/>\nEsta publica\u00e7\u00e3o \u00e9 fruto da parceria entre a Sociedades B\u00edblicas Unidas (UBS) e a Editora Esperan\u00e7a. Trata-se de uma obra contendo os esbo\u00e7os dos livros Mil Esbo\u00e7os B\u00edblicos e Mais Mil Esbo\u00e7os B\u00edblicos, da Editora Esperan\u00e7a, com tiragem de mais de 100 mil exemplares. Atendendo \u00e0s solicita\u00e7\u00f5es de muitos leitores, oferecemos uma ferramenta de trabalho ainda mais rica e pr\u00e1tica para o preparo de prega\u00e7\u00f5es. Um diferencial que facilita a consulta \u00e9 o fato de os esbo\u00e7os estarem localizados sempre pr\u00f3ximos ao texto b\u00edblico a que se referem.<br \/>\nA obra conta adicionalmente com os seguintes recursos: manual de homil\u00e9tica b\u00e1sica; 120 modelos de serm\u00f5es para o Antigo e Novo Testamento; artigos explicativos sobre como pregar os diferentes tipos de serm\u00f5es; tabela cronol\u00f3gica do Antigo Testamento; como pregar as par\u00e1bolas de Jesus; artigo sobre a &#8220;Prega\u00e7\u00e3o na Am\u00e9rica Latina&#8221;; gloss\u00e1rio b\u00e1sico de homil\u00e9tica e prega\u00e7\u00e3o; mais de 1.600 esbo\u00e7os de serm\u00f5es cuidadosamente preparados; o que a B\u00edblia nos diz acerca do perd\u00e3o de Deus; leituras para dias especiais; como encontrar ajuda na B\u00edblia; can\u00e7\u00f5es na B\u00edblia; calend\u00e1rio hebreu; mapas.<\/p>\n<p>Sobre a Vers\u00e3o Reina-Valera 1960.<\/p>\n<p>\u00c9 uma das mais conhecidas e conceituadas vers\u00f5es tendo sido a primeira que contou com o texto integralmente traduzido para o espanhol e alcan\u00e7ou grande difus\u00e3o durante a Reforma Protestante do s\u00e9culo XVI. Foi traduzida diretamente de textos gregos, aramaicos e hebraicos, devendo o nome pelo qual \u00e9 conhecida, Reina-Valera, a seus tradutores principais, Casiodoro de Reina (1520-1594) e Cipriano de Valera (1532-1602).<\/p>\n","protected":false},"excerpt":{"rendered":"<p>LA BIBLIA PARA LA PREDICACI\u00d3N &#8211; REINA-VALERA 1960. Esta publica\u00e7\u00e3o \u00e9 fruto da parceria entre a Sociedades B\u00edblicas Unidas (UBS)&hellip;<\/p>\n","protected":false},"featured_media":335564,"comment_status":"open","ping_status":"closed","template":"","meta":[],"product_cat":[139,141],"product_tag":[],"_links":{"self":[{"href":"https:\/\/www.livrariarema.com.br\/loja\/wp-json\/wp\/v2\/product\/335556"}],"collection":[{"href":"https:\/\/www.livrariarema.com.br\/loja\/wp-json\/wp\/v2\/product"}],"about":[{"href":"https:\/\/www.livrariarema.com.br\/loja\/wp-json\/wp\/v2\/types\/product"}],"replies":[{"embeddable":true,"href":"https:\/\/www.livrariarema.com.br\/loja\/wp-json\/wp\/v2\/comments?post=335556"}],"wp:featuredmedia":[{"embeddable":true,"href":"https:\/\/www.livrariarema.com.br\/loja\/wp-json\/wp\/v2\/media\/335564"}],"wp:attachment":[{"href":"https:\/\/www.livrariarema.com.br\/loja\/wp-json\/wp\/v2\/media?parent=335556"}],"wp:term":[{"taxonomy":"product_cat","embeddable":true,"href":"https:\/\/www.livrariarema.com.br\/loja\/wp-json\/wp\/v2\/product_cat?post=335556"},{"taxonomy":"product_tag","embeddable":true,"href":"https:\/\/www.livrariarema.com.br\/loja\/wp-json\/wp\/v2\/product_tag?post=335556"}],"curies":[{"name":"wp","href":"https:\/\/api.w.org\/{rel}","templated":true}]}}