{"id":335558,"date":"2025-08-19T17:59:46","date_gmt":"2025-08-19T20:59:46","guid":{"rendered":"https:\/\/www.livrariarema.com.br\/loja\/produtos\/sem categoria\/arc085bprlv-biblia-do-pregador-cinza\/"},"modified":"2025-10-22T11:13:06","modified_gmt":"2025-10-22T14:13:06","slug":"arc085bprlv-biblia-do-pregador-cinza","status":"publish","type":"product","link":"https:\/\/www.livrariarema.com.br\/loja\/produtos\/biblias\/estudo\/arc085bprlv-biblia-do-pregador-cinza\/","title":{"rendered":"Arc085bprlv &#8211; B\u00edblia Do Pregador &#8211; Cinza"},"content":{"rendered":"<p>A B\u00edblia do Pregador \u00e9 uma parceria entre a Editora Esperan\u00e7a (EEE) e a Sociedade B\u00edblica do Brasil (SBB). Esta \u00e9 uma obra que alia uma das tradu\u00e7\u00f5es mais lidas da B\u00edblia no Brasil a duas obras j\u00e1 consagradas no apoio ao estudo das Sagradas Escrituras: nossos livros Mil Esbo\u00e7os B\u00edblicos e Mais Mil Esbo\u00e7os B\u00edblicos, que j\u00e1 contam com mais de 150 mil exemplares vendidos. Todos os esbo\u00e7os foram revisados, oferecendo uma ferramenta de trabalho ainda mais rica e pr\u00e1tica para o preparo de prega\u00e7\u00f5es, estudos e serm\u00f5es para todo o Povo de Deus.<br \/>\nSeu uso \u00e9 muito pr\u00e1tico, pois os esbo\u00e7os est\u00e3o localizados sempre pr\u00f3ximos ao texto b\u00edblico a que se referem. Al\u00e9m disso, a obra inclui um manual, preparado pelo Pr. e Prof. Fred Roland Bornschein, que serve de grande aux\u00edlio na utiliza\u00e7\u00e3o dos esbo\u00e7os para a elabora\u00e7\u00e3o de mensagens.<\/p>\n<p>Recursos da B\u00edblia do Pregador:<br \/>\n&#8211; Introdu\u00e7\u00f5es aos livros da B\u00edblia;<br \/>\n&#8211; Notas textuais e refer\u00eancias cruzadas;<br \/>\n&#8211; 1.867 esbo\u00e7os para serm\u00f5es e estudos;<br \/>\n&#8211; Concord\u00e2ncia tem\u00e1tica;<br \/>\n&#8211; Cronologia b\u00edblica;<br \/>\n&#8211; Tabela de pesos, dinheiro e medidas;<br \/>\n&#8211; Mapas coloridos;<br \/>\n&#8211; Plano de evangeliza\u00e7\u00e3o pessoal;<br \/>\n&#8211; Leituras para dias especiais;<br \/>\n&#8211; O que a B\u00edblia diz sobre o perd\u00e3o de Deus;<br \/>\n&#8211; Textos famosos da B\u00edblia;<br \/>\n&#8211; Palavras de Jesus impressas em verde.<\/p>\n","protected":false},"excerpt":{"rendered":"<p>A B\u00edblia do Pregador \u00e9 uma parceria entre a Editora Esperan\u00e7a (EEE) e a Sociedade B\u00edblica do Brasil (SBB). Esta&hellip;<\/p>\n","protected":false},"featured_media":335569,"comment_status":"open","ping_status":"closed","template":"","meta":[],"product_cat":[139,140],"product_tag":[],"_links":{"self":[{"href":"https:\/\/www.livrariarema.com.br\/loja\/wp-json\/wp\/v2\/product\/335558"}],"collection":[{"href":"https:\/\/www.livrariarema.com.br\/loja\/wp-json\/wp\/v2\/product"}],"about":[{"href":"https:\/\/www.livrariarema.com.br\/loja\/wp-json\/wp\/v2\/types\/product"}],"replies":[{"embeddable":true,"href":"https:\/\/www.livrariarema.com.br\/loja\/wp-json\/wp\/v2\/comments?post=335558"}],"wp:featuredmedia":[{"embeddable":true,"href":"https:\/\/www.livrariarema.com.br\/loja\/wp-json\/wp\/v2\/media\/335569"}],"wp:attachment":[{"href":"https:\/\/www.livrariarema.com.br\/loja\/wp-json\/wp\/v2\/media?parent=335558"}],"wp:term":[{"taxonomy":"product_cat","embeddable":true,"href":"https:\/\/www.livrariarema.com.br\/loja\/wp-json\/wp\/v2\/product_cat?post=335558"},{"taxonomy":"product_tag","embeddable":true,"href":"https:\/\/www.livrariarema.com.br\/loja\/wp-json\/wp\/v2\/product_tag?post=335558"}],"curies":[{"name":"wp","href":"https:\/\/api.w.org\/{rel}","templated":true}]}}