{"id":335572,"date":"2025-08-20T13:08:11","date_gmt":"2025-08-20T16:08:11","guid":{"rendered":"https:\/\/www.livrariarema.com.br\/loja\/produtos\/sem categoria\/escreva-e-divirta-se-historias-biblicas\/"},"modified":"2026-01-03T11:41:40","modified_gmt":"2026-01-03T14:41:40","slug":"escreva-e-divirta-se-historias-biblicas","status":"publish","type":"product","link":"https:\/\/www.livrariarema.com.br\/loja\/produtos\/livros\/infantil\/escreva-e-divirta-se-historias-biblicas\/","title":{"rendered":"Escreva E Divirta-Se &#8211; Hist\u00f3rias B\u00edblicas"},"content":{"rendered":"<p>Prepare-se para se divertir com muitos passatempos b\u00edblicos. Com este livro incr\u00edvel.<\/p>\n","protected":false},"excerpt":{"rendered":"<p>Prepare-se para se divertir com muitos passatempos b\u00edblicos. Com este livro incr\u00edvel.<\/p>\n","protected":false},"featured_media":335571,"comment_status":"open","ping_status":"closed","template":"","meta":[],"product_cat":[144,134],"product_tag":[],"_links":{"self":[{"href":"https:\/\/www.livrariarema.com.br\/loja\/wp-json\/wp\/v2\/product\/335572"}],"collection":[{"href":"https:\/\/www.livrariarema.com.br\/loja\/wp-json\/wp\/v2\/product"}],"about":[{"href":"https:\/\/www.livrariarema.com.br\/loja\/wp-json\/wp\/v2\/types\/product"}],"replies":[{"embeddable":true,"href":"https:\/\/www.livrariarema.com.br\/loja\/wp-json\/wp\/v2\/comments?post=335572"}],"wp:featuredmedia":[{"embeddable":true,"href":"https:\/\/www.livrariarema.com.br\/loja\/wp-json\/wp\/v2\/media\/335571"}],"wp:attachment":[{"href":"https:\/\/www.livrariarema.com.br\/loja\/wp-json\/wp\/v2\/media?parent=335572"}],"wp:term":[{"taxonomy":"product_cat","embeddable":true,"href":"https:\/\/www.livrariarema.com.br\/loja\/wp-json\/wp\/v2\/product_cat?post=335572"},{"taxonomy":"product_tag","embeddable":true,"href":"https:\/\/www.livrariarema.com.br\/loja\/wp-json\/wp\/v2\/product_tag?post=335572"}],"curies":[{"name":"wp","href":"https:\/\/api.w.org\/{rel}","templated":true}]}}