{"id":335583,"date":"2025-08-20T13:08:54","date_gmt":"2025-08-20T16:08:54","guid":{"rendered":"https:\/\/www.livrariarema.com.br\/loja\/produtos\/sem categoria\/biblia-em-quadrinhos-north-parade-publishing\/"},"modified":"2026-03-21T09:30:28","modified_gmt":"2026-03-21T12:30:28","slug":"biblia-em-quadrinhos-north-parade-publishing","status":"publish","type":"product","link":"https:\/\/www.livrariarema.com.br\/loja\/produtos\/livros\/manga-hq\/biblia-em-quadrinhos-north-parade-publishing\/","title":{"rendered":"B\u00edblia Em Quadrinhos &#8211; North Parade Publishing"},"content":{"rendered":"<p>Voc\u00ea conhece os grandes her\u00f3is da B\u00edblia? Explore o mundo de a\u00e7\u00e3o e aventura das Sagradas Escrituras! Bibleforce reconta as hist\u00f3rias b\u00edblicas por meio de ilustra\u00e7\u00f5es fascinantes e textos que a garotada pode entender facilmente. Crian\u00e7as, jovens e adultos descobrir\u00e3o os grandes her\u00f3is da B\u00edblia. Ningu\u00e9m vai querer largar este livro!<\/p>\n","protected":false},"excerpt":{"rendered":"<p>Voc\u00ea conhece os grandes her\u00f3is da B\u00edblia? Explore o mundo de a\u00e7\u00e3o e aventura das Sagradas Escrituras! Bibleforce reconta as&hellip;<\/p>\n","protected":false},"featured_media":341206,"comment_status":"open","ping_status":"closed","template":"","meta":[],"product_cat":[134,189],"product_tag":[],"_links":{"self":[{"href":"https:\/\/www.livrariarema.com.br\/loja\/wp-json\/wp\/v2\/product\/335583"}],"collection":[{"href":"https:\/\/www.livrariarema.com.br\/loja\/wp-json\/wp\/v2\/product"}],"about":[{"href":"https:\/\/www.livrariarema.com.br\/loja\/wp-json\/wp\/v2\/types\/product"}],"replies":[{"embeddable":true,"href":"https:\/\/www.livrariarema.com.br\/loja\/wp-json\/wp\/v2\/comments?post=335583"}],"wp:featuredmedia":[{"embeddable":true,"href":"https:\/\/www.livrariarema.com.br\/loja\/wp-json\/wp\/v2\/media\/341206"}],"wp:attachment":[{"href":"https:\/\/www.livrariarema.com.br\/loja\/wp-json\/wp\/v2\/media?parent=335583"}],"wp:term":[{"taxonomy":"product_cat","embeddable":true,"href":"https:\/\/www.livrariarema.com.br\/loja\/wp-json\/wp\/v2\/product_cat?post=335583"},{"taxonomy":"product_tag","embeddable":true,"href":"https:\/\/www.livrariarema.com.br\/loja\/wp-json\/wp\/v2\/product_tag?post=335583"}],"curies":[{"name":"wp","href":"https:\/\/api.w.org\/{rel}","templated":true}]}}